{"id":4616,"date":"2025-10-24T18:07:48","date_gmt":"2025-10-24T18:07:48","guid":{"rendered":"https:\/\/heavenshotelproject.heavenshotelhoorn.com\/mittagessen-abendessen\/"},"modified":"2026-04-01T11:04:51","modified_gmt":"2026-04-01T11:04:51","slug":"mittagessen-abendessen","status":"publish","type":"page","link":"https:\/\/heavenshotelhoorn.com\/de\/mittagessen-abendessen\/","title":{"rendered":"MITTAGESSEN &amp; ABENDESSEN"},"content":{"rendered":"\t\t<div data-elementor-type=\"wp-page\" data-elementor-id=\"4616\" class=\"elementor elementor-4616 elementor-76\" data-elementor-post-type=\"page\">\n\t\t\t\t<div class=\"elementor-element elementor-element-d48c878 e-con-full e-flex e-con e-parent\" data-id=\"d48c878\" data-element_type=\"container\" data-e-type=\"container\" data-settings=\"{&quot;background_background&quot;:&quot;classic&quot;}\">\n\t\t\t\t<\/div>\n\t\t<div class=\"elementor-element elementor-element-3f0f299 e-con-full e-flex e-con e-parent\" data-id=\"3f0f299\" data-element_type=\"container\" data-e-type=\"container\" data-settings=\"{&quot;background_background&quot;:&quot;classic&quot;}\">\n\t\t<div class=\"elementor-element elementor-element-086450e e-con-full e-flex e-con e-child\" data-id=\"086450e\" data-element_type=\"container\" data-e-type=\"container\">\n\t\t\t\t<\/div>\n\t\t<div class=\"elementor-element elementor-element-3a74e01 e-con-full e-flex e-con e-child\" data-id=\"3a74e01\" data-element_type=\"container\" data-e-type=\"container\">\n\t\t\t\t<div class=\"elementor-element elementor-element-a4a5e52 elementor-widget elementor-widget-heading\" data-id=\"a4a5e52\" data-element_type=\"widget\" data-e-type=\"widget\" data-widget_type=\"heading.default\">\n\t\t\t\t\t<h1 class=\"elementor-heading-title elementor-size-default\">Restaurant The Saint<\/h1>\t\t\t\t<\/div>\n\t\t\t\t<div class=\"elementor-element elementor-element-b9d71a6 elementor-widget elementor-widget-text-editor\" data-id=\"b9d71a6\" data-element_type=\"widget\" data-e-type=\"widget\" data-widget_type=\"text-editor.default\">\n\t\t\t\t\t\t\t\t\t<p>Das Restaurant und die Bar befinden sich im Erdgeschoss des Heavens Hotel, in der monumentalen Grote Kerk. Charakteristische Merkmale des Geb\u00e4udes sind in das moderne und gem\u00fctliche Dekor integriert, voller Nischen, B\u00f6gen und gro\u00dfer Fenster. Hotelg\u00e4ste genie\u00dfen hier t\u00e4glich das von The Saint zubereitete Fr\u00fchst\u00fcck. Zum Mittag- oder Abendessen sind Sie herzlich im The Saint Social Club willkommen, einem unabh\u00e4ngigen Restaurant mit eigener K\u00fcche und eigenem Charakter. F\u00fcr Reservierungen oder weitere Informationen wenden Sie sich bitte direkt an The Saint.    <\/p>\t\t\t\t\t\t\t\t<\/div>\n\t\t\t\t<\/div>\n\t\t<div class=\"elementor-element elementor-element-8bfcda3 e-con-full e-flex e-con e-child\" data-id=\"8bfcda3\" data-element_type=\"container\" data-e-type=\"container\">\n\t\t\t\t<\/div>\n\t\t\t\t<\/div>\n\t\t<div class=\"elementor-element elementor-element-0534bc4 e-flex e-con-boxed e-con e-parent\" data-id=\"0534bc4\" data-element_type=\"container\" data-e-type=\"container\" data-settings=\"{&quot;background_background&quot;:&quot;classic&quot;}\">\n\t\t\t\t\t<div class=\"e-con-inner\">\n\t\t<div class=\"elementor-element elementor-element-3402fd7 e-con-full e-flex e-con e-child\" data-id=\"3402fd7\" data-element_type=\"container\" data-e-type=\"container\" data-settings=\"{&quot;background_background&quot;:&quot;classic&quot;}\">\n\t\t\t\t<\/div>\n\t\t<div class=\"elementor-element elementor-element-dee2b9d e-con-full e-flex e-con e-child\" data-id=\"dee2b9d\" data-element_type=\"container\" data-e-type=\"container\" data-settings=\"{&quot;background_background&quot;:&quot;classic&quot;}\">\n\t\t\t\t<div class=\"elementor-element elementor-element-825ce50 elementor-widget elementor-widget-heading\" data-id=\"825ce50\" data-element_type=\"widget\" data-e-type=\"widget\" data-widget_type=\"heading.default\">\n\t\t\t\t\t<h2 class=\"elementor-heading-title elementor-size-default\">The Saint Social Club<\/h2>\t\t\t\t<\/div>\n\t\t\t\t<div class=\"elementor-element elementor-element-7fc55e3 elementor-align-center elementor-icon-list--layout-traditional elementor-list-item-link-full_width elementor-widget elementor-widget-icon-list\" data-id=\"7fc55e3\" data-element_type=\"widget\" data-e-type=\"widget\" data-widget_type=\"icon-list.default\">\n\t\t\t\t\t\t\t<ul class=\"elementor-icon-list-items\">\n\t\t\t\t\t\t\t<li class=\"elementor-icon-list-item\">\n\t\t\t\t\t\t\t\t\t\t\t<span class=\"elementor-icon-list-icon\">\n\t\t\t\t\t\t\t<svg aria-hidden=\"true\" class=\"e-font-icon-svg e-fas-phone-alt\" viewBox=\"0 0 512 512\" xmlns=\"http:\/\/www.w3.org\/2000\/svg\"><path d=\"M497.39 361.8l-112-48a24 24 0 0 0-28 6.9l-49.6 60.6A370.66 370.66 0 0 1 130.6 204.11l60.6-49.6a23.94 23.94 0 0 0 6.9-28l-48-112A24.16 24.16 0 0 0 122.6.61l-104 24A24 24 0 0 0 0 48c0 256.5 207.9 464 464 464a24 24 0 0 0 23.4-18.6l24-104a24.29 24.29 0 0 0-14.01-27.6z\"><\/path><\/svg>\t\t\t\t\t\t<\/span>\n\t\t\t\t\t\t\t\t\t\t<span class=\"elementor-icon-list-text\">0229 228 045<\/span>\n\t\t\t\t\t\t\t\t\t<\/li>\n\t\t\t\t\t\t\t\t<li class=\"elementor-icon-list-item\">\n\t\t\t\t\t\t\t\t\t\t\t<span class=\"elementor-icon-list-icon\">\n\t\t\t\t\t\t\t<svg aria-hidden=\"true\" class=\"e-font-icon-svg e-fas-envelope\" viewBox=\"0 0 512 512\" xmlns=\"http:\/\/www.w3.org\/2000\/svg\"><path d=\"M502.3 190.8c3.9-3.1 9.7-.2 9.7 4.7V400c0 26.5-21.5 48-48 48H48c-26.5 0-48-21.5-48-48V195.6c0-5 5.7-7.8 9.7-4.7 22.4 17.4 52.1 39.5 154.1 113.6 21.1 15.4 56.7 47.8 92.2 47.6 35.7.3 72-32.8 92.3-47.6 102-74.1 131.6-96.3 154-113.7zM256 320c23.2.4 56.6-29.2 73.4-41.4 132.7-96.3 142.8-104.7 173.4-128.7 5.8-4.5 9.2-11.5 9.2-18.9v-19c0-26.5-21.5-48-48-48H48C21.5 64 0 85.5 0 112v19c0 7.4 3.4 14.3 9.2 18.9 30.6 23.9 40.7 32.4 173.4 128.7 16.8 12.2 50.2 41.8 73.4 41.4z\"><\/path><\/svg>\t\t\t\t\t\t<\/span>\n\t\t\t\t\t\t\t\t\t\t<span class=\"elementor-icon-list-text\">info@thesainthoorn.nl<\/span>\n\t\t\t\t\t\t\t\t\t<\/li>\n\t\t\t\t\t\t<\/ul>\n\t\t\t\t\t\t<\/div>\n\t\t\t\t<\/div>\n\t\t\t\t\t<\/div>\n\t\t\t\t<\/div>\n\t\t<div class=\"elementor-element elementor-element-540d4a8 e-flex e-con-boxed e-con e-parent\" data-id=\"540d4a8\" data-element_type=\"container\" data-e-type=\"container\" data-settings=\"{&quot;background_background&quot;:&quot;classic&quot;}\">\n\t\t\t\t\t<div class=\"e-con-inner\">\n\t\t<div class=\"elementor-element elementor-element-3dacab0 e-con-full e-flex e-con e-child\" data-id=\"3dacab0\" data-element_type=\"container\" data-e-type=\"container\" data-settings=\"{&quot;background_background&quot;:&quot;classic&quot;}\">\n\t\t\t\t<\/div>\n\t\t<div class=\"elementor-element elementor-element-86340bd e-con-full e-flex e-con e-child\" data-id=\"86340bd\" data-element_type=\"container\" data-e-type=\"container\" data-settings=\"{&quot;background_background&quot;:&quot;classic&quot;}\">\n\t\t\t\t<div class=\"elementor-element elementor-element-b1d1fe1 elementor-widget elementor-widget-heading\" data-id=\"b1d1fe1\" data-element_type=\"widget\" data-e-type=\"widget\" data-widget_type=\"heading.default\">\n\t\t\t\t\t<h2 class=\"elementor-heading-title elementor-size-default\">Entdecken Sie das kulinarische Hoorn<\/h2>\t\t\t\t<\/div>\n\t\t\t\t<div class=\"elementor-element elementor-element-e87e023 elementor-widget elementor-widget-text-editor\" data-id=\"e87e023\" data-element_type=\"widget\" data-e-type=\"widget\" data-widget_type=\"text-editor.default\">\n\t\t\t\t\t\t\t\t\t<p>Das Heavens Hotel befindet sich im Herzen des lebhaften Zentrums von Hoorn. In der Umgebung und in Gehweite befinden sich zahlreiche k\u00f6stliche Restaurants.  <br><br><br><\/p>\t\t\t\t\t\t\t\t<\/div>\n\t\t\t\t<div class=\"elementor-element elementor-element-5165dc4 elementor-widget elementor-widget-button\" data-id=\"5165dc4\" data-element_type=\"widget\" data-e-type=\"widget\" data-widget_type=\"button.default\">\n\t\t\t\t\t\t\t\t\t\t<a class=\"elementor-button elementor-button-link elementor-size-sm\" href=\"https:\/\/komnaarhoorn.nl\/eten-en-drinken\/\" target=\"_blank\">\n\t\t\t\t\t\t<span class=\"elementor-button-content-wrapper\">\n\t\t\t\t\t\t\t\t\t<span class=\"elementor-button-text\">Entdecken Sie das kulinarische Hoorn<\/span>\n\t\t\t\t\t<\/span>\n\t\t\t\t\t<\/a>\n\t\t\t\t\t\t\t\t<\/div>\n\t\t\t\t<\/div>\n\t\t\t\t\t<\/div>\n\t\t\t\t<\/div>\n\t\t\t\t<\/div>\n\t\t","protected":false},"excerpt":{"rendered":"<p>Restaurant The Saint Das Restaurant und die Bar befinden sich im Erdgeschoss des Heavens Hotel, in der monumentalen Grote Kerk. Charakteristische Merkmale des Geb\u00e4udes sind in das moderne und gem\u00fctliche Dekor integriert, voller Nischen, B\u00f6gen und gro\u00dfer Fenster. Hotelg\u00e4ste genie\u00dfen hier t\u00e4glich das von The Saint zubereitete Fr\u00fchst\u00fcck. Zum Mittag- oder Abendessen sind Sie herzlich [&hellip;]<\/p>\n","protected":false},"author":1,"featured_media":0,"parent":0,"menu_order":0,"comment_status":"closed","ping_status":"closed","template":"elementor_header_footer","meta":{"footnotes":""},"class_list":["post-4616","page","type-page","status-publish","hentry"],"yoast_head":"<!-- This site is optimized with the Yoast SEO Premium plugin v27.4 (Yoast SEO v27.4) - https:\/\/yoast.com\/product\/yoast-seo-premium-wordpress\/ -->\n<title>Mittagessen &amp; Abendessen im Stadtzentrum von Hoorn | Essen in der Grote Kerk<\/title>\n<meta name=\"description\" content=\"Suchen Sie nach einem Mittagessen oder Abendessen in Hoorn? Entdecken Sie das Restaurant The Saint in der Grote Kerk und Tipps zum Essen in der Innenstadt von Hoorn.\" \/>\n<meta name=\"robots\" content=\"index, follow, max-snippet:-1, max-image-preview:large, max-video-preview:-1\" \/>\n<link rel=\"canonical\" href=\"https:\/\/heavenshotelhoorn.com\/de\/mittagessen-abendessen\/\" \/>\n<meta property=\"og:locale\" content=\"de_DE\" \/>\n<meta property=\"og:type\" content=\"article\" \/>\n<meta property=\"og:title\" content=\"MITTAGESSEN &amp; ABENDESSEN\" \/>\n<meta property=\"og:description\" content=\"Suchen Sie nach einem Mittagessen oder Abendessen in Hoorn? Entdecken Sie das Restaurant The Saint in der Grote Kerk und Tipps zum Essen in der Innenstadt von Hoorn.\" \/>\n<meta property=\"og:url\" content=\"https:\/\/heavenshotelhoorn.com\/de\/mittagessen-abendessen\/\" \/>\n<meta property=\"og:site_name\" content=\"Heavens Hotel Hoorn\" \/>\n<meta property=\"article:modified_time\" content=\"2026-04-01T11:04:51+00:00\" \/>\n<meta property=\"og:image\" content=\"https:\/\/heavenshotelhoorn.com\/wp-content\/uploads\/2026\/01\/dutchen-heaven-saints-hoorn-hotel-1.10-9-converted-from-jpg-scaled.webp\" \/>\n\t<meta property=\"og:image:width\" content=\"2560\" \/>\n\t<meta property=\"og:image:height\" content=\"1708\" \/>\n\t<meta property=\"og:image:type\" content=\"image\/webp\" \/>\n<meta name=\"twitter:card\" content=\"summary_large_image\" \/>\n<meta name=\"twitter:label1\" content=\"Gesch\u00e4tzte Lesezeit\" \/>\n\t<meta name=\"twitter:data1\" content=\"1\u00a0Minute\" \/>\n<script type=\"application\/ld+json\" class=\"yoast-schema-graph\">{\"@context\":\"https:\\\/\\\/schema.org\",\"@graph\":[{\"@type\":\"WebPage\",\"@id\":\"https:\\\/\\\/heavenshotelhoorn.com\\\/de\\\/mittagessen-abendessen\\\/\",\"url\":\"https:\\\/\\\/heavenshotelhoorn.com\\\/de\\\/mittagessen-abendessen\\\/\",\"name\":\"Mittagessen & Abendessen im Stadtzentrum von Hoorn | Essen in der Grote Kerk\",\"isPartOf\":{\"@id\":\"https:\\\/\\\/heavenshotelhoorn.com\\\/de\\\/#website\"},\"datePublished\":\"2025-10-24T18:07:48+00:00\",\"dateModified\":\"2026-04-01T11:04:51+00:00\",\"description\":\"Suchen Sie nach einem Mittagessen oder Abendessen in Hoorn? Entdecken Sie das Restaurant The Saint in der Grote Kerk und Tipps zum Essen in der Innenstadt von Hoorn.\",\"breadcrumb\":{\"@id\":\"https:\\\/\\\/heavenshotelhoorn.com\\\/de\\\/mittagessen-abendessen\\\/#breadcrumb\"},\"inLanguage\":\"de\",\"potentialAction\":[{\"@type\":\"ReadAction\",\"target\":[\"https:\\\/\\\/heavenshotelhoorn.com\\\/de\\\/mittagessen-abendessen\\\/\"]}]},{\"@type\":\"BreadcrumbList\",\"@id\":\"https:\\\/\\\/heavenshotelhoorn.com\\\/de\\\/mittagessen-abendessen\\\/#breadcrumb\",\"itemListElement\":[{\"@type\":\"ListItem\",\"position\":1,\"name\":\"Home\",\"item\":\"https:\\\/\\\/heavenshotelhoorn.com\\\/de\\\/\"},{\"@type\":\"ListItem\",\"position\":2,\"name\":\"MITTAGESSEN &amp; ABENDESSEN\"}]},{\"@type\":\"WebSite\",\"@id\":\"https:\\\/\\\/heavenshotelhoorn.com\\\/de\\\/#website\",\"url\":\"https:\\\/\\\/heavenshotelhoorn.com\\\/de\\\/\",\"name\":\"Heavens Hotel Hoorn\",\"description\":\"Boutique hotel in een momumentale kerk in hartje Hoorn\",\"publisher\":{\"@id\":\"https:\\\/\\\/heavenshotelhoorn.com\\\/de\\\/#organization\"},\"alternateName\":\"Heavens Hotel\",\"potentialAction\":[{\"@type\":\"SearchAction\",\"target\":{\"@type\":\"EntryPoint\",\"urlTemplate\":\"https:\\\/\\\/heavenshotelhoorn.com\\\/de\\\/?s={search_term_string}\"},\"query-input\":{\"@type\":\"PropertyValueSpecification\",\"valueRequired\":true,\"valueName\":\"search_term_string\"}}],\"inLanguage\":\"de\"},{\"@type\":[\"Organization\",\"Place\"],\"@id\":\"https:\\\/\\\/heavenshotelhoorn.com\\\/de\\\/#organization\",\"name\":\"Heavens Hotel Hoorn\",\"alternateName\":\"Heavens Hotel\",\"url\":\"https:\\\/\\\/heavenshotelhoorn.com\\\/de\\\/\",\"logo\":{\"@id\":\"https:\\\/\\\/heavenshotelhoorn.com\\\/de\\\/mittagessen-abendessen\\\/#local-main-organization-logo\"},\"image\":{\"@id\":\"https:\\\/\\\/heavenshotelhoorn.com\\\/de\\\/mittagessen-abendessen\\\/#local-main-organization-logo\"},\"sameAs\":[\"https:\\\/\\\/www.instagram.com\\\/heavenshotelhoorn\\\/\"],\"description\":\"Heavens Hotel is een boutique hotel in een monumentale kerk in Hoorn, Noord-Holland, met comfortabele kamers en persoonlijke service. Ideaal voor een weekend weg of zakelijke overnachting, op korte afstand van het centrum en bezienswaardigheden.\",\"telephone\":[],\"openingHoursSpecification\":[{\"@type\":\"OpeningHoursSpecification\",\"dayOfWeek\":[\"Monday\",\"Tuesday\",\"Wednesday\",\"Thursday\",\"Friday\",\"Saturday\",\"Sunday\"],\"opens\":\"09:00\",\"closes\":\"17:00\"}]},{\"@type\":\"ImageObject\",\"inLanguage\":\"de\",\"@id\":\"https:\\\/\\\/heavenshotelhoorn.com\\\/de\\\/mittagessen-abendessen\\\/#local-main-organization-logo\",\"url\":\"https:\\\/\\\/heavenshotelhoorn.com\\\/wp-content\\\/uploads\\\/2025\\\/10\\\/cropped-Untitled-design-8.png\",\"contentUrl\":\"https:\\\/\\\/heavenshotelhoorn.com\\\/wp-content\\\/uploads\\\/2025\\\/10\\\/cropped-Untitled-design-8.png\",\"width\":512,\"height\":512,\"caption\":\"Heavens Hotel Hoorn\"}]}<\/script>\n<!-- \/ Yoast SEO Premium plugin. -->","yoast_head_json":{"title":"Mittagessen & Abendessen im Stadtzentrum von Hoorn | Essen in der Grote Kerk","description":"Suchen Sie nach einem Mittagessen oder Abendessen in Hoorn? Entdecken Sie das Restaurant The Saint in der Grote Kerk und Tipps zum Essen in der Innenstadt von Hoorn.","robots":{"index":"index","follow":"follow","max-snippet":"max-snippet:-1","max-image-preview":"max-image-preview:large","max-video-preview":"max-video-preview:-1"},"canonical":"https:\/\/heavenshotelhoorn.com\/de\/mittagessen-abendessen\/","og_locale":"de_DE","og_type":"article","og_title":"MITTAGESSEN &amp; ABENDESSEN","og_description":"Suchen Sie nach einem Mittagessen oder Abendessen in Hoorn? Entdecken Sie das Restaurant The Saint in der Grote Kerk und Tipps zum Essen in der Innenstadt von Hoorn.","og_url":"https:\/\/heavenshotelhoorn.com\/de\/mittagessen-abendessen\/","og_site_name":"Heavens Hotel Hoorn","article_modified_time":"2026-04-01T11:04:51+00:00","og_image":[{"width":2560,"height":1708,"url":"https:\/\/heavenshotelhoorn.com\/wp-content\/uploads\/2026\/01\/dutchen-heaven-saints-hoorn-hotel-1.10-9-converted-from-jpg-scaled.webp","type":"image\/webp"}],"twitter_card":"summary_large_image","twitter_misc":{"Gesch\u00e4tzte Lesezeit":"1\u00a0Minute"},"schema":{"@context":"https:\/\/schema.org","@graph":[{"@type":"WebPage","@id":"https:\/\/heavenshotelhoorn.com\/de\/mittagessen-abendessen\/","url":"https:\/\/heavenshotelhoorn.com\/de\/mittagessen-abendessen\/","name":"Mittagessen & Abendessen im Stadtzentrum von Hoorn | Essen in der Grote Kerk","isPartOf":{"@id":"https:\/\/heavenshotelhoorn.com\/de\/#website"},"datePublished":"2025-10-24T18:07:48+00:00","dateModified":"2026-04-01T11:04:51+00:00","description":"Suchen Sie nach einem Mittagessen oder Abendessen in Hoorn? Entdecken Sie das Restaurant The Saint in der Grote Kerk und Tipps zum Essen in der Innenstadt von Hoorn.","breadcrumb":{"@id":"https:\/\/heavenshotelhoorn.com\/de\/mittagessen-abendessen\/#breadcrumb"},"inLanguage":"de","potentialAction":[{"@type":"ReadAction","target":["https:\/\/heavenshotelhoorn.com\/de\/mittagessen-abendessen\/"]}]},{"@type":"BreadcrumbList","@id":"https:\/\/heavenshotelhoorn.com\/de\/mittagessen-abendessen\/#breadcrumb","itemListElement":[{"@type":"ListItem","position":1,"name":"Home","item":"https:\/\/heavenshotelhoorn.com\/de\/"},{"@type":"ListItem","position":2,"name":"MITTAGESSEN &amp; ABENDESSEN"}]},{"@type":"WebSite","@id":"https:\/\/heavenshotelhoorn.com\/de\/#website","url":"https:\/\/heavenshotelhoorn.com\/de\/","name":"Heavens Hotel Hoorn","description":"Boutique hotel in een momumentale kerk in hartje Hoorn","publisher":{"@id":"https:\/\/heavenshotelhoorn.com\/de\/#organization"},"alternateName":"Heavens Hotel","potentialAction":[{"@type":"SearchAction","target":{"@type":"EntryPoint","urlTemplate":"https:\/\/heavenshotelhoorn.com\/de\/?s={search_term_string}"},"query-input":{"@type":"PropertyValueSpecification","valueRequired":true,"valueName":"search_term_string"}}],"inLanguage":"de"},{"@type":["Organization","Place"],"@id":"https:\/\/heavenshotelhoorn.com\/de\/#organization","name":"Heavens Hotel Hoorn","alternateName":"Heavens Hotel","url":"https:\/\/heavenshotelhoorn.com\/de\/","logo":{"@id":"https:\/\/heavenshotelhoorn.com\/de\/mittagessen-abendessen\/#local-main-organization-logo"},"image":{"@id":"https:\/\/heavenshotelhoorn.com\/de\/mittagessen-abendessen\/#local-main-organization-logo"},"sameAs":["https:\/\/www.instagram.com\/heavenshotelhoorn\/"],"description":"Heavens Hotel is een boutique hotel in een monumentale kerk in Hoorn, Noord-Holland, met comfortabele kamers en persoonlijke service. Ideaal voor een weekend weg of zakelijke overnachting, op korte afstand van het centrum en bezienswaardigheden.","telephone":[],"openingHoursSpecification":[{"@type":"OpeningHoursSpecification","dayOfWeek":["Monday","Tuesday","Wednesday","Thursday","Friday","Saturday","Sunday"],"opens":"09:00","closes":"17:00"}]},{"@type":"ImageObject","inLanguage":"de","@id":"https:\/\/heavenshotelhoorn.com\/de\/mittagessen-abendessen\/#local-main-organization-logo","url":"https:\/\/heavenshotelhoorn.com\/wp-content\/uploads\/2025\/10\/cropped-Untitled-design-8.png","contentUrl":"https:\/\/heavenshotelhoorn.com\/wp-content\/uploads\/2025\/10\/cropped-Untitled-design-8.png","width":512,"height":512,"caption":"Heavens Hotel Hoorn"}]}},"_links":{"self":[{"href":"https:\/\/heavenshotelhoorn.com\/de\/wp-json\/wp\/v2\/pages\/4616","targetHints":{"allow":["GET"]}}],"collection":[{"href":"https:\/\/heavenshotelhoorn.com\/de\/wp-json\/wp\/v2\/pages"}],"about":[{"href":"https:\/\/heavenshotelhoorn.com\/de\/wp-json\/wp\/v2\/types\/page"}],"author":[{"embeddable":true,"href":"https:\/\/heavenshotelhoorn.com\/de\/wp-json\/wp\/v2\/users\/1"}],"replies":[{"embeddable":true,"href":"https:\/\/heavenshotelhoorn.com\/de\/wp-json\/wp\/v2\/comments?post=4616"}],"version-history":[{"count":4,"href":"https:\/\/heavenshotelhoorn.com\/de\/wp-json\/wp\/v2\/pages\/4616\/revisions"}],"predecessor-version":[{"id":6038,"href":"https:\/\/heavenshotelhoorn.com\/de\/wp-json\/wp\/v2\/pages\/4616\/revisions\/6038"}],"wp:attachment":[{"href":"https:\/\/heavenshotelhoorn.com\/de\/wp-json\/wp\/v2\/media?parent=4616"}],"curies":[{"name":"wp","href":"https:\/\/api.w.org\/{rel}","templated":true}]}}