{"id":4671,"date":"2026-01-26T15:51:29","date_gmt":"2026-01-26T15:51:29","guid":{"rendered":"https:\/\/heavenshotelproject.heavenshotelhoorn.com\/gruppenbuchungen\/"},"modified":"2026-04-01T11:04:11","modified_gmt":"2026-04-01T11:04:11","slug":"gruppenbuchungen","status":"publish","type":"page","link":"https:\/\/heavenshotelhoorn.com\/de\/gruppenbuchungen\/","title":{"rendered":"GRUPPENBUCHUNGEN"},"content":{"rendered":"\t\t<div data-elementor-type=\"wp-page\" data-elementor-id=\"4671\" class=\"elementor elementor-4671 elementor-3703\" data-elementor-post-type=\"page\">\n\t\t\t\t<div class=\"elementor-element elementor-element-f571170 e-con-full e-flex e-con e-parent\" data-id=\"f571170\" data-element_type=\"container\" data-e-type=\"container\" data-settings=\"{&quot;background_background&quot;:&quot;classic&quot;}\">\n\t\t\t\t<\/div>\n\t\t<div class=\"elementor-element elementor-element-4f6b629 e-con-full e-flex e-con e-parent\" data-id=\"4f6b629\" data-element_type=\"container\" data-e-type=\"container\" data-settings=\"{&quot;background_background&quot;:&quot;classic&quot;}\">\n\t\t<div class=\"elementor-element elementor-element-f667d31 e-con-full e-flex e-con e-child\" data-id=\"f667d31\" data-element_type=\"container\" data-e-type=\"container\">\n\t\t\t\t<\/div>\n\t\t<div class=\"elementor-element elementor-element-bc83020 e-con-full e-flex e-con e-child\" data-id=\"bc83020\" data-element_type=\"container\" data-e-type=\"container\" data-settings=\"{&quot;background_background&quot;:&quot;classic&quot;}\">\n\t\t\t\t<div class=\"elementor-element elementor-element-e8afc23 elementor-widget elementor-widget-heading\" data-id=\"e8afc23\" data-element_type=\"widget\" data-e-type=\"widget\" data-widget_type=\"heading.default\">\n\t\t\t\t\t<h1 class=\"elementor-heading-title elementor-size-default\">Gruppenbuchungen<\/h1>\t\t\t\t<\/div>\n\t\t\t\t<div class=\"elementor-element elementor-element-9d99789 elementor-widget elementor-widget-heading\" data-id=\"9d99789\" data-element_type=\"widget\" data-e-type=\"widget\" data-widget_type=\"heading.default\">\n\t\t\t\t\t<h2 class=\"elementor-heading-title elementor-size-default\">Ma\u00dfgeschneiderte L\u00f6sungen f\u00fcr Gruppen<\/h2>\t\t\t\t<\/div>\n\t\t\t\t<div class=\"elementor-element elementor-element-ffe6938 elementor-widget elementor-widget-text-editor\" data-id=\"ffe6938\" data-element_type=\"widget\" data-e-type=\"widget\" data-widget_type=\"text-editor.default\">\n\t\t\t\t\t\t\t\t\t<p><span style=\"font-weight: 400;\">F\u00fcr Gruppen, die mehr als einen Standardaufenthalt suchen, bietet das Heavens Hotel Raum f\u00fcr ma\u00dfgeschneiderte L\u00f6sungen, Flexibilit\u00e4t und pers\u00f6nliche Abstimmung. Keine festen Formate oder vorgegebene Inhalte, sondern ein Ansatz, der sich an Ziel, Moment und Zusammensetzung der Gruppe anpasst. <\/span><\/p>\t\t\t\t\t\t\t\t<\/div>\n\t\t<div class=\"elementor-element elementor-element-76258e8 e-con-full e-flex e-con e-child\" data-id=\"76258e8\" data-element_type=\"container\" data-e-type=\"container\">\n\t\t\t\t<div class=\"elementor-element elementor-element-a5376a6 elementor-widget elementor-widget-button\" data-id=\"a5376a6\" data-element_type=\"widget\" data-e-type=\"widget\" data-widget_type=\"button.default\">\n\t\t\t\t\t\t\t\t\t\t<a class=\"elementor-button elementor-button-link elementor-size-sm\" href=\"https:\/\/heavenshotelhoorn.com\/de\/angebot-anfordern\/\" target=\"_blank\">\n\t\t\t\t\t\t<span class=\"elementor-button-content-wrapper\">\n\t\t\t\t\t\t\t\t\t<span class=\"elementor-button-text\">Angebot anfordern<\/span>\n\t\t\t\t\t<\/span>\n\t\t\t\t\t<\/a>\n\t\t\t\t\t\t\t\t<\/div>\n\t\t\t\t<\/div>\n\t\t\t\t<\/div>\n\t\t<div class=\"elementor-element elementor-element-35eb420 e-con-full e-flex e-con e-child\" data-id=\"35eb420\" data-element_type=\"container\" data-e-type=\"container\">\n\t\t\t\t<\/div>\n\t\t\t\t<\/div>\n\t\t<div class=\"elementor-element elementor-element-903627c e-flex e-con-boxed e-con e-parent\" data-id=\"903627c\" data-element_type=\"container\" data-e-type=\"container\" data-settings=\"{&quot;background_background&quot;:&quot;classic&quot;}\">\n\t\t\t\t\t<div class=\"e-con-inner\">\n\t\t<div class=\"elementor-element elementor-element-50451a8 e-con-full e-flex e-con e-child\" data-id=\"50451a8\" data-element_type=\"container\" data-e-type=\"container\" data-settings=\"{&quot;background_background&quot;:&quot;classic&quot;}\">\n\t\t\t\t<\/div>\n\t\t<div class=\"elementor-element elementor-element-817c377 e-con-full e-flex e-con e-child\" data-id=\"817c377\" data-element_type=\"container\" data-e-type=\"container\" data-settings=\"{&quot;background_background&quot;:&quot;classic&quot;}\">\n\t\t\t\t<div class=\"elementor-element elementor-element-7b96336 elementor-widget elementor-widget-heading\" data-id=\"7b96336\" data-element_type=\"widget\" data-e-type=\"widget\" data-widget_type=\"heading.default\">\n\t\t\t\t\t<h2 class=\"elementor-heading-title elementor-size-default\">Momente in einem besonderen Rahmen<\/h2>\t\t\t\t<\/div>\n\t\t\t\t<div class=\"elementor-element elementor-element-e39a624 elementor-widget elementor-widget-text-editor\" data-id=\"e39a624\" data-element_type=\"widget\" data-e-type=\"widget\" data-widget_type=\"text-editor.default\">\n\t\t\t\t\t\t\t\t\t<p><span style=\"font-weight: 400;\">Ob es sich um ein Treffen mit Kollegen, einen besonderen Anreiz oder einen mehrt\u00e4gigen Aufenthalt mit einer Gruppe handelt: Der Fokus liegt auf Komfort, Ruhe und Aufmerksamkeit. So entsteht ein Aufenthalt, der nicht nur gut organisiert ist, sondern sich auch nat\u00fcrlich anf\u00fchlt und Raum f\u00fcr eigene Gestaltung l\u00e4sst. <br><br><\/span><\/p><p><span style=\"font-weight: 400;\">Innerhalb des Geb\u00e4udes bildet <\/span><b>The Saint<\/b><span style=\"font-weight: 400;\"> einen beeindruckenden Ort f\u00fcr informelle Momente au\u00dferhalb des Programms. Der monumentale Raum mit seiner H\u00f6he, seinem Licht und seinem Charakter schafft eine Umgebung, die zum Zusammensein einl\u00e4dt und von selbst Eindruck macht.<\/span><\/p><p><span style=\"font-weight: 400;\">Ob es sich um ein gemeinsames Abendessen oder einen entspannten Ausklang des Tages handelt: Die Atmosph\u00e4re von The Saint verleiht dem Ganzen eine zus\u00e4tzliche Bedeutung. Dar\u00fcber hinaus bietet Hoorn ein reichhaltiges kulinarisches Angebot, wobei das Heavens Hotel bei Bedarf bei der Auswahl passender Locations in der Umgebung behilflich sein kann. <\/span><\/p><p><span style=\"font-weight: 400;\"> <\/span><\/p>\t\t\t\t\t\t\t\t<\/div>\n\t\t\t\t<div class=\"elementor-element elementor-element-1940fd9 elementor-widget elementor-widget-button\" data-id=\"1940fd9\" data-element_type=\"widget\" data-e-type=\"widget\" data-widget_type=\"button.default\">\n\t\t\t\t\t\t\t\t\t\t<a class=\"elementor-button elementor-button-link elementor-size-sm\" href=\"https:\/\/heavenshotelhoorn.com\/de\/restaurant-bar\/\" target=\"_blank\">\n\t\t\t\t\t\t<span class=\"elementor-button-content-wrapper\">\n\t\t\t\t\t\t\t\t\t<span class=\"elementor-button-text\">Restaurant &amp; Bar<\/span>\n\t\t\t\t\t<\/span>\n\t\t\t\t\t<\/a>\n\t\t\t\t\t\t\t\t<\/div>\n\t\t\t\t<\/div>\n\t\t\t\t\t<\/div>\n\t\t\t\t<\/div>\n\t\t<div class=\"elementor-element elementor-element-3eb24b8 e-con-full e-flex e-con e-parent\" data-id=\"3eb24b8\" data-element_type=\"container\" data-e-type=\"container\" data-settings=\"{&quot;background_background&quot;:&quot;classic&quot;}\">\n\t\t\t\t<div class=\"elementor-element elementor-element-56c3f2b elementor-widget elementor-widget-heading\" data-id=\"56c3f2b\" data-element_type=\"widget\" data-e-type=\"widget\" data-widget_type=\"heading.default\">\n\t\t\t\t\t<h2 class=\"elementor-heading-title elementor-size-default\">Mehr als nur ein Aufenthalt<\/h2>\t\t\t\t<\/div>\n\t\t\t\t<\/div>\n\t\t<div class=\"elementor-element elementor-element-b186483 e-flex e-con-boxed e-con e-parent\" data-id=\"b186483\" data-element_type=\"container\" data-e-type=\"container\" data-settings=\"{&quot;background_background&quot;:&quot;classic&quot;}\">\n\t\t\t\t\t<div class=\"e-con-inner\">\n\t\t<div class=\"elementor-element elementor-element-428fa58 e-con-full e-flex e-con e-child\" data-id=\"428fa58\" data-element_type=\"container\" data-e-type=\"container\" data-settings=\"{&quot;background_background&quot;:&quot;classic&quot;}\">\n\t\t\t\t<\/div>\n\t\t<div class=\"elementor-element elementor-element-b8b6e3b e-con-full e-flex e-con e-child\" data-id=\"b8b6e3b\" data-element_type=\"container\" data-e-type=\"container\" data-settings=\"{&quot;background_background&quot;:&quot;classic&quot;}\">\n\t\t\t\t<div class=\"elementor-element elementor-element-f9cee4d elementor-widget elementor-widget-heading\" data-id=\"f9cee4d\" data-element_type=\"widget\" data-e-type=\"widget\" data-widget_type=\"heading.default\">\n\t\t\t\t\t<h2 class=\"elementor-heading-title elementor-size-default\">Gemeinsam au\u00dferhalb des Programms<\/h2>\t\t\t\t<\/div>\n\t\t\t\t<div class=\"elementor-element elementor-element-b331e0f elementor-widget elementor-widget-text-editor\" data-id=\"b331e0f\" data-element_type=\"widget\" data-e-type=\"widget\" data-widget_type=\"text-editor.default\">\n\t\t\t\t\t\t\t\t\t<p><span style=\"font-weight: 400;\">Gemeinsam etwas unternehmen, die Umgebung erkunden oder Zeit f\u00fcr informelle Momente schaffen, st\u00e4rkt die Beziehungen auf nat\u00fcrliche Weise.<\/span><\/p><p><span style=\"font-weight: 400;\">Die Lage des Heavens Hotel im Herzen von Hoorn bietet dazu reichlich Gelegenheit. Bei Bedarf kann das Heavens Hotel mitdenken und Sie \u00fcber geeignete Aktivit\u00e4ten in der Stadt und der Umgebung beraten, die auf die Party und den Moment zugeschnitten sind.  <\/span><\/p>\t\t\t\t\t\t\t\t<\/div>\n\t\t\t\t<div class=\"elementor-element elementor-element-f99a1a8 elementor-widget elementor-widget-button\" data-id=\"f99a1a8\" data-element_type=\"widget\" data-e-type=\"widget\" data-widget_type=\"button.default\">\n\t\t\t\t\t\t\t\t\t\t<a class=\"elementor-button elementor-button-link elementor-size-sm\" href=\"https:\/\/heavenshotelhoorn.com\/de\/restaurant-bar\/\" target=\"_blank\">\n\t\t\t\t\t\t<span class=\"elementor-button-content-wrapper\">\n\t\t\t\t\t\t\t\t\t<span class=\"elementor-button-text\">Restaurant &amp; Bar<\/span>\n\t\t\t\t\t<\/span>\n\t\t\t\t\t<\/a>\n\t\t\t\t\t\t\t\t<\/div>\n\t\t\t\t<\/div>\n\t\t\t\t\t<\/div>\n\t\t\t\t<\/div>\n\t\t\t\t<\/div>\n\t\t","protected":false},"excerpt":{"rendered":"<p>Gruppenbuchungen Ma\u00dfgeschneiderte L\u00f6sungen f\u00fcr Gruppen F\u00fcr Gruppen, die mehr als einen Standardaufenthalt suchen, bietet das Heavens Hotel Raum f\u00fcr ma\u00dfgeschneiderte L\u00f6sungen, Flexibilit\u00e4t und pers\u00f6nliche Abstimmung. Keine festen Formate oder vorgegebene Inhalte, sondern ein Ansatz, der sich an Ziel, Moment und Zusammensetzung der Gruppe anpasst. Angebot anfordern Momente in einem besonderen Rahmen Ob es sich um [&hellip;]<\/p>\n","protected":false},"author":1,"featured_media":0,"parent":0,"menu_order":0,"comment_status":"closed","ping_status":"closed","template":"","meta":{"footnotes":""},"class_list":["post-4671","page","type-page","status-publish","hentry"],"yoast_head":"<!-- This site is optimized with the Yoast SEO Premium plugin v27.4 (Yoast SEO v27.4) - https:\/\/yoast.com\/product\/yoast-seo-premium-wordpress\/ -->\n<title>Gruppenreservierung Hotel Hoorn | Heavens Hotel Hoorn<\/title>\n<meta name=\"description\" content=\"Gruppenreservierung im Heavens Hotel Hoorn? Buchen Sie mehrere Zimmer f\u00fcr Gruppen, Veranstaltungen oder Gesch\u00e4ftsaufenthalte im Zentrum von Hoorn.\" \/>\n<meta name=\"robots\" content=\"index, follow, max-snippet:-1, max-image-preview:large, max-video-preview:-1\" \/>\n<link rel=\"canonical\" href=\"https:\/\/heavenshotelhoorn.com\/de\/gruppenbuchungen\/\" \/>\n<meta property=\"og:locale\" content=\"de_DE\" \/>\n<meta property=\"og:type\" content=\"article\" \/>\n<meta property=\"og:title\" content=\"GRUPPENBUCHUNGEN\" \/>\n<meta property=\"og:description\" content=\"Gruppenreservierung im Heavens Hotel Hoorn? Buchen Sie mehrere Zimmer f\u00fcr Gruppen, Veranstaltungen oder Gesch\u00e4ftsaufenthalte im Zentrum von Hoorn.\" \/>\n<meta property=\"og:url\" content=\"https:\/\/heavenshotelhoorn.com\/de\/gruppenbuchungen\/\" \/>\n<meta property=\"og:site_name\" content=\"Heavens Hotel Hoorn\" \/>\n<meta property=\"article:modified_time\" content=\"2026-04-01T11:04:11+00:00\" \/>\n<meta property=\"og:image\" content=\"https:\/\/heavenshotelhoorn.com\/wp-content\/uploads\/2026\/01\/dutchen-heaven-saints-hoorn-hotel-1.10-9-converted-from-jpg-scaled.webp\" \/>\n\t<meta property=\"og:image:width\" content=\"2560\" \/>\n\t<meta property=\"og:image:height\" content=\"1708\" \/>\n\t<meta property=\"og:image:type\" content=\"image\/webp\" \/>\n<meta name=\"twitter:card\" content=\"summary_large_image\" \/>\n<meta name=\"twitter:label1\" content=\"Gesch\u00e4tzte Lesezeit\" \/>\n\t<meta name=\"twitter:data1\" content=\"1\u00a0Minute\" \/>\n<script type=\"application\/ld+json\" class=\"yoast-schema-graph\">{\"@context\":\"https:\\\/\\\/schema.org\",\"@graph\":[{\"@type\":\"WebPage\",\"@id\":\"https:\\\/\\\/heavenshotelhoorn.com\\\/de\\\/gruppenbuchungen\\\/\",\"url\":\"https:\\\/\\\/heavenshotelhoorn.com\\\/de\\\/gruppenbuchungen\\\/\",\"name\":\"Gruppenreservierung Hotel Hoorn | Heavens Hotel Hoorn\",\"isPartOf\":{\"@id\":\"https:\\\/\\\/heavenshotelhoorn.com\\\/de\\\/#website\"},\"datePublished\":\"2026-01-26T15:51:29+00:00\",\"dateModified\":\"2026-04-01T11:04:11+00:00\",\"description\":\"Gruppenreservierung im Heavens Hotel Hoorn? Buchen Sie mehrere Zimmer f\u00fcr Gruppen, Veranstaltungen oder Gesch\u00e4ftsaufenthalte im Zentrum von Hoorn.\",\"breadcrumb\":{\"@id\":\"https:\\\/\\\/heavenshotelhoorn.com\\\/de\\\/gruppenbuchungen\\\/#breadcrumb\"},\"inLanguage\":\"de\",\"potentialAction\":[{\"@type\":\"ReadAction\",\"target\":[\"https:\\\/\\\/heavenshotelhoorn.com\\\/de\\\/gruppenbuchungen\\\/\"]}]},{\"@type\":\"BreadcrumbList\",\"@id\":\"https:\\\/\\\/heavenshotelhoorn.com\\\/de\\\/gruppenbuchungen\\\/#breadcrumb\",\"itemListElement\":[{\"@type\":\"ListItem\",\"position\":1,\"name\":\"Home\",\"item\":\"https:\\\/\\\/heavenshotelhoorn.com\\\/de\\\/\"},{\"@type\":\"ListItem\",\"position\":2,\"name\":\"GRUPPENBUCHUNGEN\"}]},{\"@type\":\"WebSite\",\"@id\":\"https:\\\/\\\/heavenshotelhoorn.com\\\/de\\\/#website\",\"url\":\"https:\\\/\\\/heavenshotelhoorn.com\\\/de\\\/\",\"name\":\"Heavens Hotel Hoorn\",\"description\":\"Boutique hotel in een momumentale kerk in hartje Hoorn\",\"publisher\":{\"@id\":\"https:\\\/\\\/heavenshotelhoorn.com\\\/de\\\/#organization\"},\"alternateName\":\"Heavens Hotel\",\"potentialAction\":[{\"@type\":\"SearchAction\",\"target\":{\"@type\":\"EntryPoint\",\"urlTemplate\":\"https:\\\/\\\/heavenshotelhoorn.com\\\/de\\\/?s={search_term_string}\"},\"query-input\":{\"@type\":\"PropertyValueSpecification\",\"valueRequired\":true,\"valueName\":\"search_term_string\"}}],\"inLanguage\":\"de\"},{\"@type\":[\"Organization\",\"Place\"],\"@id\":\"https:\\\/\\\/heavenshotelhoorn.com\\\/de\\\/#organization\",\"name\":\"Heavens Hotel Hoorn\",\"alternateName\":\"Heavens Hotel\",\"url\":\"https:\\\/\\\/heavenshotelhoorn.com\\\/de\\\/\",\"logo\":{\"@id\":\"https:\\\/\\\/heavenshotelhoorn.com\\\/de\\\/gruppenbuchungen\\\/#local-main-organization-logo\"},\"image\":{\"@id\":\"https:\\\/\\\/heavenshotelhoorn.com\\\/de\\\/gruppenbuchungen\\\/#local-main-organization-logo\"},\"sameAs\":[\"https:\\\/\\\/www.instagram.com\\\/heavenshotelhoorn\\\/\"],\"description\":\"Heavens Hotel is een boutique hotel in een monumentale kerk in Hoorn, Noord-Holland, met comfortabele kamers en persoonlijke service. Ideaal voor een weekend weg of zakelijke overnachting, op korte afstand van het centrum en bezienswaardigheden.\",\"telephone\":[],\"openingHoursSpecification\":[{\"@type\":\"OpeningHoursSpecification\",\"dayOfWeek\":[\"Monday\",\"Tuesday\",\"Wednesday\",\"Thursday\",\"Friday\",\"Saturday\",\"Sunday\"],\"opens\":\"09:00\",\"closes\":\"17:00\"}]},{\"@type\":\"ImageObject\",\"inLanguage\":\"de\",\"@id\":\"https:\\\/\\\/heavenshotelhoorn.com\\\/de\\\/gruppenbuchungen\\\/#local-main-organization-logo\",\"url\":\"https:\\\/\\\/heavenshotelhoorn.com\\\/wp-content\\\/uploads\\\/2025\\\/10\\\/cropped-Untitled-design-8.png\",\"contentUrl\":\"https:\\\/\\\/heavenshotelhoorn.com\\\/wp-content\\\/uploads\\\/2025\\\/10\\\/cropped-Untitled-design-8.png\",\"width\":512,\"height\":512,\"caption\":\"Heavens Hotel Hoorn\"}]}<\/script>\n<!-- \/ Yoast SEO Premium plugin. -->","yoast_head_json":{"title":"Gruppenreservierung Hotel Hoorn | Heavens Hotel Hoorn","description":"Gruppenreservierung im Heavens Hotel Hoorn? Buchen Sie mehrere Zimmer f\u00fcr Gruppen, Veranstaltungen oder Gesch\u00e4ftsaufenthalte im Zentrum von Hoorn.","robots":{"index":"index","follow":"follow","max-snippet":"max-snippet:-1","max-image-preview":"max-image-preview:large","max-video-preview":"max-video-preview:-1"},"canonical":"https:\/\/heavenshotelhoorn.com\/de\/gruppenbuchungen\/","og_locale":"de_DE","og_type":"article","og_title":"GRUPPENBUCHUNGEN","og_description":"Gruppenreservierung im Heavens Hotel Hoorn? Buchen Sie mehrere Zimmer f\u00fcr Gruppen, Veranstaltungen oder Gesch\u00e4ftsaufenthalte im Zentrum von Hoorn.","og_url":"https:\/\/heavenshotelhoorn.com\/de\/gruppenbuchungen\/","og_site_name":"Heavens Hotel Hoorn","article_modified_time":"2026-04-01T11:04:11+00:00","og_image":[{"width":2560,"height":1708,"url":"https:\/\/heavenshotelhoorn.com\/wp-content\/uploads\/2026\/01\/dutchen-heaven-saints-hoorn-hotel-1.10-9-converted-from-jpg-scaled.webp","type":"image\/webp"}],"twitter_card":"summary_large_image","twitter_misc":{"Gesch\u00e4tzte Lesezeit":"1\u00a0Minute"},"schema":{"@context":"https:\/\/schema.org","@graph":[{"@type":"WebPage","@id":"https:\/\/heavenshotelhoorn.com\/de\/gruppenbuchungen\/","url":"https:\/\/heavenshotelhoorn.com\/de\/gruppenbuchungen\/","name":"Gruppenreservierung Hotel Hoorn | Heavens Hotel Hoorn","isPartOf":{"@id":"https:\/\/heavenshotelhoorn.com\/de\/#website"},"datePublished":"2026-01-26T15:51:29+00:00","dateModified":"2026-04-01T11:04:11+00:00","description":"Gruppenreservierung im Heavens Hotel Hoorn? Buchen Sie mehrere Zimmer f\u00fcr Gruppen, Veranstaltungen oder Gesch\u00e4ftsaufenthalte im Zentrum von Hoorn.","breadcrumb":{"@id":"https:\/\/heavenshotelhoorn.com\/de\/gruppenbuchungen\/#breadcrumb"},"inLanguage":"de","potentialAction":[{"@type":"ReadAction","target":["https:\/\/heavenshotelhoorn.com\/de\/gruppenbuchungen\/"]}]},{"@type":"BreadcrumbList","@id":"https:\/\/heavenshotelhoorn.com\/de\/gruppenbuchungen\/#breadcrumb","itemListElement":[{"@type":"ListItem","position":1,"name":"Home","item":"https:\/\/heavenshotelhoorn.com\/de\/"},{"@type":"ListItem","position":2,"name":"GRUPPENBUCHUNGEN"}]},{"@type":"WebSite","@id":"https:\/\/heavenshotelhoorn.com\/de\/#website","url":"https:\/\/heavenshotelhoorn.com\/de\/","name":"Heavens Hotel Hoorn","description":"Boutique hotel in een momumentale kerk in hartje Hoorn","publisher":{"@id":"https:\/\/heavenshotelhoorn.com\/de\/#organization"},"alternateName":"Heavens Hotel","potentialAction":[{"@type":"SearchAction","target":{"@type":"EntryPoint","urlTemplate":"https:\/\/heavenshotelhoorn.com\/de\/?s={search_term_string}"},"query-input":{"@type":"PropertyValueSpecification","valueRequired":true,"valueName":"search_term_string"}}],"inLanguage":"de"},{"@type":["Organization","Place"],"@id":"https:\/\/heavenshotelhoorn.com\/de\/#organization","name":"Heavens Hotel Hoorn","alternateName":"Heavens Hotel","url":"https:\/\/heavenshotelhoorn.com\/de\/","logo":{"@id":"https:\/\/heavenshotelhoorn.com\/de\/gruppenbuchungen\/#local-main-organization-logo"},"image":{"@id":"https:\/\/heavenshotelhoorn.com\/de\/gruppenbuchungen\/#local-main-organization-logo"},"sameAs":["https:\/\/www.instagram.com\/heavenshotelhoorn\/"],"description":"Heavens Hotel is een boutique hotel in een monumentale kerk in Hoorn, Noord-Holland, met comfortabele kamers en persoonlijke service. Ideaal voor een weekend weg of zakelijke overnachting, op korte afstand van het centrum en bezienswaardigheden.","telephone":[],"openingHoursSpecification":[{"@type":"OpeningHoursSpecification","dayOfWeek":["Monday","Tuesday","Wednesday","Thursday","Friday","Saturday","Sunday"],"opens":"09:00","closes":"17:00"}]},{"@type":"ImageObject","inLanguage":"de","@id":"https:\/\/heavenshotelhoorn.com\/de\/gruppenbuchungen\/#local-main-organization-logo","url":"https:\/\/heavenshotelhoorn.com\/wp-content\/uploads\/2025\/10\/cropped-Untitled-design-8.png","contentUrl":"https:\/\/heavenshotelhoorn.com\/wp-content\/uploads\/2025\/10\/cropped-Untitled-design-8.png","width":512,"height":512,"caption":"Heavens Hotel Hoorn"}]}},"_links":{"self":[{"href":"https:\/\/heavenshotelhoorn.com\/de\/wp-json\/wp\/v2\/pages\/4671","targetHints":{"allow":["GET"]}}],"collection":[{"href":"https:\/\/heavenshotelhoorn.com\/de\/wp-json\/wp\/v2\/pages"}],"about":[{"href":"https:\/\/heavenshotelhoorn.com\/de\/wp-json\/wp\/v2\/types\/page"}],"author":[{"embeddable":true,"href":"https:\/\/heavenshotelhoorn.com\/de\/wp-json\/wp\/v2\/users\/1"}],"replies":[{"embeddable":true,"href":"https:\/\/heavenshotelhoorn.com\/de\/wp-json\/wp\/v2\/comments?post=4671"}],"version-history":[{"count":7,"href":"https:\/\/heavenshotelhoorn.com\/de\/wp-json\/wp\/v2\/pages\/4671\/revisions"}],"predecessor-version":[{"id":6029,"href":"https:\/\/heavenshotelhoorn.com\/de\/wp-json\/wp\/v2\/pages\/4671\/revisions\/6029"}],"wp:attachment":[{"href":"https:\/\/heavenshotelhoorn.com\/de\/wp-json\/wp\/v2\/media?parent=4671"}],"curies":[{"name":"wp","href":"https:\/\/api.w.org\/{rel}","templated":true}]}}