{"id":4676,"date":"2025-10-24T18:08:13","date_gmt":"2025-10-24T18:08:13","guid":{"rendered":"https:\/\/heavenshotelproject.heavenshotelhoorn.com\/fruehstueck\/"},"modified":"2026-04-13T11:43:54","modified_gmt":"2026-04-13T11:43:54","slug":"fruehstueck","status":"publish","type":"page","link":"https:\/\/heavenshotelhoorn.com\/de\/fruehstueck\/","title":{"rendered":"FR\u00dcHST\u00dcCK"},"content":{"rendered":"\t\t<div data-elementor-type=\"wp-page\" data-elementor-id=\"4676\" class=\"elementor elementor-4676 elementor-81\" data-elementor-post-type=\"page\">\n\t\t\t\t<div class=\"elementor-element elementor-element-44e958f e-con-full e-flex e-con e-parent\" data-id=\"44e958f\" data-element_type=\"container\" data-e-type=\"container\" data-settings=\"{&quot;background_background&quot;:&quot;classic&quot;}\">\n\t\t\t\t<\/div>\n\t\t<div class=\"elementor-element elementor-element-16cb7a3 e-con-full e-flex e-con e-parent\" data-id=\"16cb7a3\" data-element_type=\"container\" data-e-type=\"container\" data-settings=\"{&quot;background_background&quot;:&quot;classic&quot;}\">\n\t\t<div class=\"elementor-element elementor-element-6062f70 e-con-full e-flex e-con e-child\" data-id=\"6062f70\" data-element_type=\"container\" data-e-type=\"container\">\n\t\t\t\t<\/div>\n\t\t<div class=\"elementor-element elementor-element-a3fc2ba e-con-full e-flex e-con e-child\" data-id=\"a3fc2ba\" data-element_type=\"container\" data-e-type=\"container\">\n\t\t\t\t<div class=\"elementor-element elementor-element-32623fe elementor-widget elementor-widget-heading\" data-id=\"32623fe\" data-element_type=\"widget\" data-e-type=\"widget\" data-widget_type=\"heading.default\">\n\t\t\t\t\t<h1 class=\"elementor-heading-title elementor-size-default\">Fr\u00fchst\u00fcck in der Gro\u00dfen Kirche<\/h1>\t\t\t\t<\/div>\n\t\t\t\t<div class=\"elementor-element elementor-element-c9d6e6b elementor-widget elementor-widget-heading\" data-id=\"c9d6e6b\" data-element_type=\"widget\" data-e-type=\"widget\" data-widget_type=\"heading.default\">\n\t\t\t\t\t<h2 class=\"elementor-heading-title elementor-size-default\">Ein himmlischer und flexibler Start in den Tag<\/h2>\t\t\t\t<\/div>\n\t\t\t\t<div class=\"elementor-element elementor-element-eefa2e2 elementor-widget elementor-widget-text-editor\" data-id=\"eefa2e2\" data-element_type=\"widget\" data-e-type=\"widget\" data-widget_type=\"text-editor.default\">\n\t\t\t\t\t\t\t\t\t<p>Beginnen Sie Ihren Tag im Heavens Hotel entspannt mit einem luxuri\u00f6sen Fr\u00fchst\u00fcck: W\u00e4hlen Sie eine raffinierte Basis und genie\u00dfen Sie dann unbegrenzt frisch zubereitete Gerichte \u00e0 la carte, die Ihnen an Ihrem Tisch serviert werden. Kein Buffet, sondern pure Ruhe und pers\u00f6nlicher Service. <\/p>\t\t\t\t\t\t\t\t<\/div>\n\t\t\t\t<\/div>\n\t\t<div class=\"elementor-element elementor-element-f05723a e-con-full e-flex e-con e-child\" data-id=\"f05723a\" data-element_type=\"container\" data-e-type=\"container\">\n\t\t\t\t<\/div>\n\t\t\t\t<\/div>\n\t\t<div class=\"elementor-element elementor-element-2df0bfe e-flex e-con-boxed e-con e-parent\" data-id=\"2df0bfe\" data-element_type=\"container\" data-e-type=\"container\" data-settings=\"{&quot;background_background&quot;:&quot;classic&quot;}\">\n\t\t\t\t\t<div class=\"e-con-inner\">\n\t\t<div class=\"elementor-element elementor-element-e212f1b e-con-full e-flex e-con e-child\" data-id=\"e212f1b\" data-element_type=\"container\" data-e-type=\"container\" data-settings=\"{&quot;background_background&quot;:&quot;classic&quot;}\">\n\t\t\t\t<\/div>\n\t\t<div class=\"elementor-element elementor-element-e058b05 e-con-full e-flex e-con e-child\" data-id=\"e058b05\" data-element_type=\"container\" data-e-type=\"container\" data-settings=\"{&quot;background_background&quot;:&quot;classic&quot;}\">\n\t\t\t\t<div class=\"elementor-element elementor-element-9050892 elementor-widget elementor-widget-heading\" data-id=\"9050892\" data-element_type=\"widget\" data-e-type=\"widget\" data-widget_type=\"heading.default\">\n\t\t\t\t\t<h2 class=\"elementor-heading-title elementor-size-default\">Himmlisches Fr\u00fchst\u00fcck<\/h2>\t\t\t\t<\/div>\n\t\t\t\t<div class=\"elementor-element elementor-element-6797cf1 elementor-widget elementor-widget-text-editor\" data-id=\"6797cf1\" data-element_type=\"widget\" data-e-type=\"widget\" data-widget_type=\"text-editor.default\">\n\t\t\t\t\t\t\t\t\t<p>Beginnen Sie Ihren Tag in Ruhe mit einem kompletten Fr\u00fchst\u00fcck im Restaurant The Saint.<\/p><p>Ihr Fr\u00fchst\u00fcck beginnt mit einer Basis Ihrer Wahl:  <\/p><ul><li>Joghurt mit hausgemachtem Granola, frischem Obst und Samen.<\/li><li>Croissant und Brot mit Aufschnitt, K\u00e4se, hausgemachter Marmelade und Streuseln.<\/li><\/ul><p>Beide Optionen werden mit Orangensaft und Kaffee oder Tee Ihrer Wahl serviert.<\/p><p>Danach genie\u00dfen Sie unbegrenzt warme und frische Gerichte auf Bestellung, die frisch f\u00fcr Sie zubereitet und an Ihrem Tisch serviert werden.<\/p><p>Denken Sie an Eggs Benedict, belgische Waffeln, pochierte Eier, R\u00fchrei, Avocadoaufstrich &amp; mehr.<\/p><p>Kein Buffet, sondern pers\u00f6nlicher Service und Komfort am Tisch, genau wie ein entspanntes Fr\u00fchst\u00fcck sein sollte.<\/p>\t\t\t\t\t\t\t\t<\/div>\n\t\t\t\t<div class=\"elementor-element elementor-element-f2d6a4b elementor-mobile-align-center elementor-icon-list--layout-traditional elementor-list-item-link-full_width elementor-widget elementor-widget-icon-list\" data-id=\"f2d6a4b\" data-element_type=\"widget\" data-e-type=\"widget\" data-widget_type=\"icon-list.default\">\n\t\t\t\t\t\t\t<ul class=\"elementor-icon-list-items\">\n\t\t\t\t\t\t\t<li class=\"elementor-icon-list-item\">\n\t\t\t\t\t\t\t\t\t\t\t<span class=\"elementor-icon-list-icon\">\n\t\t\t\t\t\t\t<svg aria-hidden=\"true\" class=\"e-font-icon-svg e-fas-clock\" viewBox=\"0 0 512 512\" xmlns=\"http:\/\/www.w3.org\/2000\/svg\"><path d=\"M256,8C119,8,8,119,8,256S119,504,256,504,504,393,504,256,393,8,256,8Zm92.49,313h0l-20,25a16,16,0,0,1-22.49,2.5h0l-67-49.72a40,40,0,0,1-15-31.23V112a16,16,0,0,1,16-16h32a16,16,0,0,1,16,16V256l58,42.5A16,16,0,0,1,348.49,321Z\"><\/path><\/svg>\t\t\t\t\t\t<\/span>\n\t\t\t\t\t\t\t\t\t\t<span class=\"elementor-icon-list-text\">Montag bis Freitag von 07:00 bis 10:00 Uhr.<\/span>\n\t\t\t\t\t\t\t\t\t<\/li>\n\t\t\t\t\t\t<\/ul>\n\t\t\t\t\t\t<\/div>\n\t\t\t\t<div class=\"elementor-element elementor-element-da15bcd elementor-mobile-align-center elementor-icon-list--layout-traditional elementor-list-item-link-full_width elementor-widget elementor-widget-icon-list\" data-id=\"da15bcd\" data-element_type=\"widget\" data-e-type=\"widget\" data-widget_type=\"icon-list.default\">\n\t\t\t\t\t\t\t<ul class=\"elementor-icon-list-items\">\n\t\t\t\t\t\t\t<li class=\"elementor-icon-list-item\">\n\t\t\t\t\t\t\t\t\t\t\t<span class=\"elementor-icon-list-icon\">\n\t\t\t\t\t\t\t<svg aria-hidden=\"true\" class=\"e-font-icon-svg e-fas-clock\" viewBox=\"0 0 512 512\" xmlns=\"http:\/\/www.w3.org\/2000\/svg\"><path d=\"M256,8C119,8,8,119,8,256S119,504,256,504,504,393,504,256,393,8,256,8Zm92.49,313h0l-20,25a16,16,0,0,1-22.49,2.5h0l-67-49.72a40,40,0,0,1-15-31.23V112a16,16,0,0,1,16-16h32a16,16,0,0,1,16,16V256l58,42.5A16,16,0,0,1,348.49,321Z\"><\/path><\/svg>\t\t\t\t\t\t<\/span>\n\t\t\t\t\t\t\t\t\t\t<span class=\"elementor-icon-list-text\">Samstag und Sonntag von 08:00 bis 11:00 Uhr.<\/span>\n\t\t\t\t\t\t\t\t\t<\/li>\n\t\t\t\t\t\t<\/ul>\n\t\t\t\t\t\t<\/div>\n\t\t\t\t<div class=\"elementor-element elementor-element-b0f126c elementor-mobile-align-center elementor-icon-list--layout-traditional elementor-list-item-link-full_width elementor-widget elementor-widget-icon-list\" data-id=\"b0f126c\" data-element_type=\"widget\" data-e-type=\"widget\" data-widget_type=\"icon-list.default\">\n\t\t\t\t\t\t\t<ul class=\"elementor-icon-list-items\">\n\t\t\t\t\t\t\t<li class=\"elementor-icon-list-item\">\n\t\t\t\t\t\t\t\t\t\t<span class=\"elementor-icon-list-text\">*Buchen Sie einfach online oder kontaktieren Sie unsere Rezeption<\/span>\n\t\t\t\t\t\t\t\t\t<\/li>\n\t\t\t\t\t\t<\/ul>\n\t\t\t\t\t\t<\/div>\n\t\t\t\t<\/div>\n\t\t\t\t\t<\/div>\n\t\t\t\t<\/div>\n\t\t<div class=\"elementor-element elementor-element-190127a e-flex e-con-boxed e-con e-parent\" data-id=\"190127a\" data-element_type=\"container\" data-e-type=\"container\" data-settings=\"{&quot;background_background&quot;:&quot;classic&quot;}\">\n\t\t\t\t\t<div class=\"e-con-inner\">\n\t\t<div class=\"elementor-element elementor-element-d4b6060 e-con-full e-flex e-con e-child\" data-id=\"d4b6060\" data-element_type=\"container\" data-e-type=\"container\" data-settings=\"{&quot;background_background&quot;:&quot;classic&quot;}\">\n\t\t\t\t<\/div>\n\t\t<div class=\"elementor-element elementor-element-81068d4 e-con-full e-flex e-con e-child\" data-id=\"81068d4\" data-element_type=\"container\" data-e-type=\"container\" data-settings=\"{&quot;background_background&quot;:&quot;classic&quot;}\">\n\t\t\t\t<div class=\"elementor-element elementor-element-1efce4e elementor-widget elementor-widget-heading\" data-id=\"1efce4e\" data-element_type=\"widget\" data-e-type=\"widget\" data-widget_type=\"heading.default\">\n\t\t\t\t\t<h2 class=\"elementor-heading-title elementor-size-default\">Fr\u00fchst\u00fcck im Bett<\/h2>\t\t\t\t<\/div>\n\t\t\t\t<div class=\"elementor-element elementor-element-7332bbd elementor-widget elementor-widget-text-editor\" data-id=\"7332bbd\" data-element_type=\"widget\" data-e-type=\"widget\" data-widget_type=\"text-editor.default\">\n\t\t\t\t\t\t\t\t\t<p>Beginnen Sie Ihren Tag besonders entspannt mit einem Fr\u00fchst\u00fcck im Bett im Heavens Hotel Hoorn.<\/p><p>Wir liefern Ihnen eine sorgf\u00e4ltig zusammengestellte Fr\u00fchst\u00fccksauswahl direkt auf Ihr Zimmer, so dass Sie den Morgen in aller Ruhe in Ihrem Zimmer genie\u00dfen k\u00f6nnen. Das Fr\u00fchst\u00fcck umfasst eine Auswahl an Brot und s\u00fc\u00dfen Leckereien, frisches Obst, Joghurt, Saft und nat\u00fcrlich Kaffee und Tee. <\/p><p>Perfekt f\u00fcr einen entspannten Start in den Tag oder einen besonderen Moment w\u00e4hrend Ihres Aufenthalts.<\/p><p>Fr\u00fchst\u00fcck im Bett ist auf Anfrage erh\u00e4ltlich.<br>Sie k\u00f6nnen ganz einfach online buchen oder unsere Rezeption kontaktieren.<\/p>\t\t\t\t\t\t\t\t<\/div>\n\t\t\t\t<\/div>\n\t\t\t\t\t<\/div>\n\t\t\t\t<\/div>\n\t\t<div class=\"elementor-element elementor-element-c85d94e e-flex e-con-boxed e-con e-parent\" data-id=\"c85d94e\" data-element_type=\"container\" data-e-type=\"container\" data-settings=\"{&quot;background_background&quot;:&quot;classic&quot;}\">\n\t\t\t\t\t<div class=\"e-con-inner\">\n\t\t<div class=\"elementor-element elementor-element-ab534d9 e-con-full e-flex e-con e-child\" data-id=\"ab534d9\" data-element_type=\"container\" data-e-type=\"container\" data-settings=\"{&quot;background_background&quot;:&quot;classic&quot;}\">\n\t\t\t\t<\/div>\n\t\t<div class=\"elementor-element elementor-element-4710a4c e-con-full e-flex e-con e-child\" data-id=\"4710a4c\" data-element_type=\"container\" data-e-type=\"container\" data-settings=\"{&quot;background_background&quot;:&quot;classic&quot;}\">\n\t\t\t\t<div class=\"elementor-element elementor-element-b514e7a elementor-widget elementor-widget-heading\" data-id=\"b514e7a\" data-element_type=\"widget\" data-e-type=\"widget\" data-widget_type=\"heading.default\">\n\t\t\t\t\t<h2 class=\"elementor-heading-title elementor-size-default\">Kleines Fr\u00fchst\u00fcck<\/h2>\t\t\t\t<\/div>\n\t\t\t\t<div class=\"elementor-element elementor-element-9f9c41a elementor-widget elementor-widget-text-editor\" data-id=\"9f9c41a\" data-element_type=\"widget\" data-e-type=\"widget\" data-widget_type=\"text-editor.default\">\n\t\t\t\t\t\t\t\t\t<p>Bevorzugen Sie einen leichten Start in den Tag? Entscheiden Sie sich f\u00fcr unser kleines Fr\u00fchst\u00fcck &#8211; f\u00fcr nur 9,50 \u20ac pro Person. <\/p><p>Ihr Fr\u00fchst\u00fcck beginnt mit einer Basis Ihrer Wahl:  <\/p><ul><li>Joghurt mit hausgemachtem Granola, frischem Obst und Samen.<\/li><li>Croissant und Brot mit Aufschnitt, K\u00e4se, hausgemachter Marmelade und Streuseln.<br><br><\/li><\/ul><p>Beide Optionen werden mit Orangensaft und Kaffee oder Tee Ihrer Wahl serviert.<\/p><p>Ein einfaches, leckeres Fr\u00fchst\u00fcck f\u00fcr einen guten Start in den Tag.<\/p>\t\t\t\t\t\t\t\t<\/div>\n\t\t\t\t<\/div>\n\t\t\t\t\t<\/div>\n\t\t\t\t<\/div>\n\t\t\t\t<\/div>\n\t\t","protected":false},"excerpt":{"rendered":"<p>Fr\u00fchst\u00fcck in der Gro\u00dfen Kirche Ein himmlischer und flexibler Start in den Tag Beginnen Sie Ihren Tag im Heavens Hotel entspannt mit einem luxuri\u00f6sen Fr\u00fchst\u00fcck: W\u00e4hlen Sie eine raffinierte Basis und genie\u00dfen Sie dann unbegrenzt frisch zubereitete Gerichte \u00e0 la carte, die Ihnen an Ihrem Tisch serviert werden. Kein Buffet, sondern pure Ruhe und pers\u00f6nlicher [&hellip;]<\/p>\n","protected":false},"author":1,"featured_media":0,"parent":0,"menu_order":0,"comment_status":"closed","ping_status":"closed","template":"elementor_header_footer","meta":{"footnotes":""},"class_list":["post-4676","page","type-page","status-publish","hentry"],"yoast_head":"<!-- This site is optimized with the Yoast SEO Premium plugin v27.5 (Yoast SEO v27.5) - https:\/\/yoast.com\/product\/yoast-seo-premium-wordpress\/ -->\n<title>Fr\u00fchst\u00fcck in Hoorn Centrum | Fr\u00fchst\u00fcck im Heavens Hotel<\/title>\n<meta name=\"description\" content=\"M\u00f6chten Sie im Zentrum von Hoorn fr\u00fchst\u00fccken? W\u00e4hlen Sie im Heavens Hotel ein Fr\u00fchst\u00fcck zum Mitnehmen oder ein komplettes Fr\u00fchst\u00fcck im Restaurant The Saint.\" \/>\n<meta name=\"robots\" content=\"index, follow, max-snippet:-1, max-image-preview:large, max-video-preview:-1\" \/>\n<link rel=\"canonical\" href=\"https:\/\/heavenshotelhoorn.com\/de\/fruehstueck\/\" \/>\n<meta property=\"og:locale\" content=\"de_DE\" \/>\n<meta property=\"og:type\" content=\"article\" \/>\n<meta property=\"og:title\" content=\"FR\u00dcHST\u00dcCK\" \/>\n<meta property=\"og:description\" content=\"M\u00f6chten Sie im Zentrum von Hoorn fr\u00fchst\u00fccken? W\u00e4hlen Sie im Heavens Hotel ein Fr\u00fchst\u00fcck zum Mitnehmen oder ein komplettes Fr\u00fchst\u00fcck im Restaurant The Saint.\" \/>\n<meta property=\"og:url\" content=\"https:\/\/heavenshotelhoorn.com\/de\/fruehstueck\/\" \/>\n<meta property=\"og:site_name\" content=\"Heavens Hotel Hoorn\" \/>\n<meta property=\"article:modified_time\" content=\"2026-04-13T11:43:54+00:00\" \/>\n<meta property=\"og:image\" content=\"https:\/\/heavenshotelhoorn.com\/wp-content\/uploads\/2026\/01\/dutchen-heaven-saints-hoorn-hotel-1.10-9-converted-from-jpg-scaled.webp\" \/>\n\t<meta property=\"og:image:width\" content=\"2560\" \/>\n\t<meta property=\"og:image:height\" content=\"1708\" \/>\n\t<meta property=\"og:image:type\" content=\"image\/webp\" \/>\n<meta name=\"twitter:card\" content=\"summary_large_image\" \/>\n<meta name=\"twitter:label1\" content=\"Gesch\u00e4tzte Lesezeit\" \/>\n\t<meta name=\"twitter:data1\" content=\"2\u00a0Minuten\" \/>\n<script type=\"application\/ld+json\" class=\"yoast-schema-graph\">{\"@context\":\"https:\\\/\\\/schema.org\",\"@graph\":[{\"@type\":\"WebPage\",\"@id\":\"https:\\\/\\\/heavenshotelhoorn.com\\\/de\\\/fruehstueck\\\/\",\"url\":\"https:\\\/\\\/heavenshotelhoorn.com\\\/de\\\/fruehstueck\\\/\",\"name\":\"Fr\u00fchst\u00fcck in Hoorn Centrum | Fr\u00fchst\u00fcck im Heavens Hotel\",\"isPartOf\":{\"@id\":\"https:\\\/\\\/heavenshotelhoorn.com\\\/de\\\/#website\"},\"datePublished\":\"2025-10-24T18:08:13+00:00\",\"dateModified\":\"2026-04-13T11:43:54+00:00\",\"description\":\"M\u00f6chten Sie im Zentrum von Hoorn fr\u00fchst\u00fccken? W\u00e4hlen Sie im Heavens Hotel ein Fr\u00fchst\u00fcck zum Mitnehmen oder ein komplettes Fr\u00fchst\u00fcck im Restaurant The Saint.\",\"breadcrumb\":{\"@id\":\"https:\\\/\\\/heavenshotelhoorn.com\\\/de\\\/fruehstueck\\\/#breadcrumb\"},\"inLanguage\":\"de\",\"potentialAction\":[{\"@type\":\"ReadAction\",\"target\":[\"https:\\\/\\\/heavenshotelhoorn.com\\\/de\\\/fruehstueck\\\/\"]}]},{\"@type\":\"BreadcrumbList\",\"@id\":\"https:\\\/\\\/heavenshotelhoorn.com\\\/de\\\/fruehstueck\\\/#breadcrumb\",\"itemListElement\":[{\"@type\":\"ListItem\",\"position\":1,\"name\":\"Home\",\"item\":\"https:\\\/\\\/heavenshotelhoorn.com\\\/de\\\/\"},{\"@type\":\"ListItem\",\"position\":2,\"name\":\"FR\u00dcHST\u00dcCK\"}]},{\"@type\":\"WebSite\",\"@id\":\"https:\\\/\\\/heavenshotelhoorn.com\\\/de\\\/#website\",\"url\":\"https:\\\/\\\/heavenshotelhoorn.com\\\/de\\\/\",\"name\":\"Heavens Hotel Hoorn\",\"description\":\"Boutique hotel in een momumentale kerk in hartje Hoorn\",\"publisher\":{\"@id\":\"https:\\\/\\\/heavenshotelhoorn.com\\\/de\\\/#organization\"},\"alternateName\":\"Heavens Hotel\",\"potentialAction\":[{\"@type\":\"SearchAction\",\"target\":{\"@type\":\"EntryPoint\",\"urlTemplate\":\"https:\\\/\\\/heavenshotelhoorn.com\\\/de\\\/?s={search_term_string}\"},\"query-input\":{\"@type\":\"PropertyValueSpecification\",\"valueRequired\":true,\"valueName\":\"search_term_string\"}}],\"inLanguage\":\"de\"},{\"@type\":[\"Organization\",\"Place\"],\"@id\":\"https:\\\/\\\/heavenshotelhoorn.com\\\/de\\\/#organization\",\"name\":\"Heavens Hotel Hoorn\",\"alternateName\":\"Heavens Hotel\",\"url\":\"https:\\\/\\\/heavenshotelhoorn.com\\\/de\\\/\",\"logo\":{\"@id\":\"https:\\\/\\\/heavenshotelhoorn.com\\\/de\\\/fruehstueck\\\/#local-main-organization-logo\"},\"image\":{\"@id\":\"https:\\\/\\\/heavenshotelhoorn.com\\\/de\\\/fruehstueck\\\/#local-main-organization-logo\"},\"sameAs\":[\"https:\\\/\\\/www.instagram.com\\\/heavenshotelhoorn\\\/\"],\"description\":\"Heavens Hotel is een boutique hotel in een monumentale kerk in Hoorn, Noord-Holland, met comfortabele kamers en persoonlijke service. Ideaal voor een weekend weg of zakelijke overnachting, op korte afstand van het centrum en bezienswaardigheden.\",\"telephone\":[],\"openingHoursSpecification\":[{\"@type\":\"OpeningHoursSpecification\",\"dayOfWeek\":[\"Monday\",\"Tuesday\",\"Wednesday\",\"Thursday\",\"Friday\",\"Saturday\",\"Sunday\"],\"opens\":\"09:00\",\"closes\":\"17:00\"}]},{\"@type\":\"ImageObject\",\"inLanguage\":\"de\",\"@id\":\"https:\\\/\\\/heavenshotelhoorn.com\\\/de\\\/fruehstueck\\\/#local-main-organization-logo\",\"url\":\"https:\\\/\\\/heavenshotelhoorn.com\\\/wp-content\\\/uploads\\\/2025\\\/10\\\/cropped-Untitled-design-8.png\",\"contentUrl\":\"https:\\\/\\\/heavenshotelhoorn.com\\\/wp-content\\\/uploads\\\/2025\\\/10\\\/cropped-Untitled-design-8.png\",\"width\":512,\"height\":512,\"caption\":\"Heavens Hotel Hoorn\"}]}<\/script>\n<!-- \/ Yoast SEO Premium plugin. -->","yoast_head_json":{"title":"Fr\u00fchst\u00fcck in Hoorn Centrum | Fr\u00fchst\u00fcck im Heavens Hotel","description":"M\u00f6chten Sie im Zentrum von Hoorn fr\u00fchst\u00fccken? W\u00e4hlen Sie im Heavens Hotel ein Fr\u00fchst\u00fcck zum Mitnehmen oder ein komplettes Fr\u00fchst\u00fcck im Restaurant The Saint.","robots":{"index":"index","follow":"follow","max-snippet":"max-snippet:-1","max-image-preview":"max-image-preview:large","max-video-preview":"max-video-preview:-1"},"canonical":"https:\/\/heavenshotelhoorn.com\/de\/fruehstueck\/","og_locale":"de_DE","og_type":"article","og_title":"FR\u00dcHST\u00dcCK","og_description":"M\u00f6chten Sie im Zentrum von Hoorn fr\u00fchst\u00fccken? W\u00e4hlen Sie im Heavens Hotel ein Fr\u00fchst\u00fcck zum Mitnehmen oder ein komplettes Fr\u00fchst\u00fcck im Restaurant The Saint.","og_url":"https:\/\/heavenshotelhoorn.com\/de\/fruehstueck\/","og_site_name":"Heavens Hotel Hoorn","article_modified_time":"2026-04-13T11:43:54+00:00","og_image":[{"width":2560,"height":1708,"url":"https:\/\/heavenshotelhoorn.com\/wp-content\/uploads\/2026\/01\/dutchen-heaven-saints-hoorn-hotel-1.10-9-converted-from-jpg-scaled.webp","type":"image\/webp"}],"twitter_card":"summary_large_image","twitter_misc":{"Gesch\u00e4tzte Lesezeit":"2\u00a0Minuten"},"schema":{"@context":"https:\/\/schema.org","@graph":[{"@type":"WebPage","@id":"https:\/\/heavenshotelhoorn.com\/de\/fruehstueck\/","url":"https:\/\/heavenshotelhoorn.com\/de\/fruehstueck\/","name":"Fr\u00fchst\u00fcck in Hoorn Centrum | Fr\u00fchst\u00fcck im Heavens Hotel","isPartOf":{"@id":"https:\/\/heavenshotelhoorn.com\/de\/#website"},"datePublished":"2025-10-24T18:08:13+00:00","dateModified":"2026-04-13T11:43:54+00:00","description":"M\u00f6chten Sie im Zentrum von Hoorn fr\u00fchst\u00fccken? W\u00e4hlen Sie im Heavens Hotel ein Fr\u00fchst\u00fcck zum Mitnehmen oder ein komplettes Fr\u00fchst\u00fcck im Restaurant The Saint.","breadcrumb":{"@id":"https:\/\/heavenshotelhoorn.com\/de\/fruehstueck\/#breadcrumb"},"inLanguage":"de","potentialAction":[{"@type":"ReadAction","target":["https:\/\/heavenshotelhoorn.com\/de\/fruehstueck\/"]}]},{"@type":"BreadcrumbList","@id":"https:\/\/heavenshotelhoorn.com\/de\/fruehstueck\/#breadcrumb","itemListElement":[{"@type":"ListItem","position":1,"name":"Home","item":"https:\/\/heavenshotelhoorn.com\/de\/"},{"@type":"ListItem","position":2,"name":"FR\u00dcHST\u00dcCK"}]},{"@type":"WebSite","@id":"https:\/\/heavenshotelhoorn.com\/de\/#website","url":"https:\/\/heavenshotelhoorn.com\/de\/","name":"Heavens Hotel Hoorn","description":"Boutique hotel in een momumentale kerk in hartje Hoorn","publisher":{"@id":"https:\/\/heavenshotelhoorn.com\/de\/#organization"},"alternateName":"Heavens Hotel","potentialAction":[{"@type":"SearchAction","target":{"@type":"EntryPoint","urlTemplate":"https:\/\/heavenshotelhoorn.com\/de\/?s={search_term_string}"},"query-input":{"@type":"PropertyValueSpecification","valueRequired":true,"valueName":"search_term_string"}}],"inLanguage":"de"},{"@type":["Organization","Place"],"@id":"https:\/\/heavenshotelhoorn.com\/de\/#organization","name":"Heavens Hotel Hoorn","alternateName":"Heavens Hotel","url":"https:\/\/heavenshotelhoorn.com\/de\/","logo":{"@id":"https:\/\/heavenshotelhoorn.com\/de\/fruehstueck\/#local-main-organization-logo"},"image":{"@id":"https:\/\/heavenshotelhoorn.com\/de\/fruehstueck\/#local-main-organization-logo"},"sameAs":["https:\/\/www.instagram.com\/heavenshotelhoorn\/"],"description":"Heavens Hotel is een boutique hotel in een monumentale kerk in Hoorn, Noord-Holland, met comfortabele kamers en persoonlijke service. Ideaal voor een weekend weg of zakelijke overnachting, op korte afstand van het centrum en bezienswaardigheden.","telephone":[],"openingHoursSpecification":[{"@type":"OpeningHoursSpecification","dayOfWeek":["Monday","Tuesday","Wednesday","Thursday","Friday","Saturday","Sunday"],"opens":"09:00","closes":"17:00"}]},{"@type":"ImageObject","inLanguage":"de","@id":"https:\/\/heavenshotelhoorn.com\/de\/fruehstueck\/#local-main-organization-logo","url":"https:\/\/heavenshotelhoorn.com\/wp-content\/uploads\/2025\/10\/cropped-Untitled-design-8.png","contentUrl":"https:\/\/heavenshotelhoorn.com\/wp-content\/uploads\/2025\/10\/cropped-Untitled-design-8.png","width":512,"height":512,"caption":"Heavens Hotel Hoorn"}]}},"_links":{"self":[{"href":"https:\/\/heavenshotelhoorn.com\/de\/wp-json\/wp\/v2\/pages\/4676","targetHints":{"allow":["GET"]}}],"collection":[{"href":"https:\/\/heavenshotelhoorn.com\/de\/wp-json\/wp\/v2\/pages"}],"about":[{"href":"https:\/\/heavenshotelhoorn.com\/de\/wp-json\/wp\/v2\/types\/page"}],"author":[{"embeddable":true,"href":"https:\/\/heavenshotelhoorn.com\/de\/wp-json\/wp\/v2\/users\/1"}],"replies":[{"embeddable":true,"href":"https:\/\/heavenshotelhoorn.com\/de\/wp-json\/wp\/v2\/comments?post=4676"}],"version-history":[{"count":29,"href":"https:\/\/heavenshotelhoorn.com\/de\/wp-json\/wp\/v2\/pages\/4676\/revisions"}],"predecessor-version":[{"id":6166,"href":"https:\/\/heavenshotelhoorn.com\/de\/wp-json\/wp\/v2\/pages\/4676\/revisions\/6166"}],"wp:attachment":[{"href":"https:\/\/heavenshotelhoorn.com\/de\/wp-json\/wp\/v2\/media?parent=4676"}],"curies":[{"name":"wp","href":"https:\/\/api.w.org\/{rel}","templated":true}]}}