{"id":4683,"date":"2025-12-09T14:51:35","date_gmt":"2025-12-09T14:51:35","guid":{"rendered":"https:\/\/heavenshotelproject.heavenshotelhoorn.com\/datenschutzerklaerung\/"},"modified":"2026-04-01T11:04:31","modified_gmt":"2026-04-01T11:04:31","slug":"privacy-policy","status":"publish","type":"page","link":"https:\/\/heavenshotelhoorn.com\/de\/privacy-policy\/","title":{"rendered":"Datenschutzerkl\u00e4rung"},"content":{"rendered":"\t\t<div data-elementor-type=\"wp-page\" data-elementor-id=\"4683\" class=\"elementor elementor-4683 elementor-2812\" data-elementor-post-type=\"page\">\n\t\t\t\t<div class=\"elementor-element elementor-element-248948c e-con-full e-flex e-con e-parent\" data-id=\"248948c\" data-element_type=\"container\" data-e-type=\"container\" data-settings=\"{&quot;background_background&quot;:&quot;classic&quot;}\">\n\t\t\t\t<\/div>\n\t\t<div class=\"elementor-element elementor-element-8b41c38 e-flex e-con-boxed e-con e-parent\" data-id=\"8b41c38\" data-element_type=\"container\" data-e-type=\"container\" data-settings=\"{&quot;background_background&quot;:&quot;classic&quot;}\">\n\t\t\t\t\t<div class=\"e-con-inner\">\n\t\t\t\t<div class=\"elementor-element elementor-element-ca53f26 elementor-widget elementor-widget-heading\" data-id=\"ca53f26\" data-element_type=\"widget\" data-e-type=\"widget\" data-widget_type=\"heading.default\">\n\t\t\t\t\t<h1 class=\"elementor-heading-title elementor-size-default\">Datenschutzerkl\u00e4rung<\/h1>\t\t\t\t<\/div>\n\t\t\t\t<div class=\"elementor-element elementor-element-9a8aca6 elementor-widget elementor-widget-heading\" data-id=\"9a8aca6\" data-element_type=\"widget\" data-e-type=\"widget\" data-widget_type=\"heading.default\">\n\t\t\t\t\t<h2 class=\"elementor-heading-title elementor-size-default\">IHR DATENSCHUTZ IST UNS WICHTIG<\/h2>\t\t\t\t<\/div>\n\t\t\t\t<div class=\"elementor-element elementor-element-f1ca15a elementor-widget elementor-widget-text-editor\" data-id=\"f1ca15a\" data-element_type=\"widget\" data-e-type=\"widget\" data-widget_type=\"text-editor.default\">\n\t\t\t\t\t\t\t\t\t<p data-start=\"295\" data-end=\"490\">Heavens Hotel respektiert Ihre Privatsph\u00e4re und behandelt pers\u00f6nliche Daten, die \u00fcber unsere Website<a class=\"decorated-link\" href=\"http:\/\/www.heavenshotelhoorn.com\" target=\"_new\" rel=\"noopener\" data-start=\"397\" data-end=\"422\">(www.heavenshotelhoorn.com)<\/a> und andere von uns betriebene Websites gesammelt und verarbeitet werden, mit Sorgfalt.<\/p><p data-start=\"492\" data-end=\"1078\">Heavens Hotel Hoorn kann von mehreren verbundenen Unternehmen innerhalb derselben Organisation betrieben werden. Das Unternehmen, das f\u00fcr den Betrieb des Hotels verantwortlich ist, fungiert als Datenverantwortlicher f\u00fcr die Verarbeitung personenbezogener Daten. Wenn der Betrieb des Hotels an ein anderes Unternehmen innerhalb derselben Organisation \u00fcbertragen wird, k\u00f6nnen personenbezogene Daten, die f\u00fcr Reservierungen, Aufenthalte und Dienstleistungen erforderlich sind, an dieses Unternehmen \u00fcbertragen werden, damit der G\u00e4steservice fortgesetzt werden kann.  <\/p><p data-start=\"1080\" data-end=\"1472\">Wir verarbeiten personenbezogene Daten nur dann, wenn dies f\u00fcr die Erbringung unserer Dienstleistungen, die Durchf\u00fchrung einer Vereinbarung mit Ihnen (z.B. bei einer Reservierung), die Einhaltung gesetzlicher Verpflichtungen oder Ihre Zustimmung erforderlich ist. Die Verarbeitung von personenbezogenen Daten erfolgt auf rechtm\u00e4\u00dfige, sorgf\u00e4ltige und transparente Weise. <\/p><p data-start=\"1474\" data-end=\"2016\">Zu den personenbezogenen Daten, die wir erfassen k\u00f6nnen, geh\u00f6ren unter anderem: Ihr Vorname, Ihr Nachname, Ihre Telefonnummer, Ihre Adresse, Ihre E-Mail-Adresse, Ihre Kreditkarteninformationen (z. B. Kartentyp, Kartennummer, Name des Karteninhabers, Ablaufdatum und Sicherheitscode), Informationen \u00fcber Ihren Aufenthalt (z. B. Ankunfts- und Abreisedatum), Sonderw\u00fcnsche, Kommentare zu Ihren Servicepr\u00e4ferenzen (z. B. Zimmer- oder Einrichtungspr\u00e4ferenzen) sowie Informationen, die Sie im Zusammenhang mit Marketingpr\u00e4ferenzen oder im Rahmen der Teilnahme an Umfragen, Wettbewerben oder Werbeaktionen bereitstellen.<\/p><p data-start=\"2018\" data-end=\"2422\">Wir verwenden diese Daten nur f\u00fcr Zwecke, die im Zusammenhang mit unseren Dienstleistungen stehen, z.B. f\u00fcr die Bearbeitung von Reservierungen, die Betreuung Ihres Aufenthalts, den Kundenservice, administrative Verpflichtungen und &#8211; falls zutreffend &#8211; um Sie \u00fcber Angebote oder Dienstleistungen zu informieren, sofern Sie Ihre Zustimmung gegeben haben oder dies nach geltendem Recht zul\u00e4ssig ist.<\/p><p data-start=\"2424\" data-end=\"2871\">Personenbezogene Daten k\u00f6nnen an Dritte weitergegeben werden, wenn dies f\u00fcr die Erbringung unserer Dienstleistungen erforderlich ist (z. B. an Zahlungsabwickler, IT-Dienstleister oder Buchhaltungsdienstleister), wenn wir gesetzlich dazu verpflichtet sind oder wenn Sie Ihre Zustimmung erteilt haben. In solchen F\u00e4llen werden wir sicherstellen, dass angemessene Vorkehrungen getroffen werden, um den Schutz Ihrer pers\u00f6nlichen Daten zu gew\u00e4hrleisten. <\/p><p data-start=\"2873\" data-end=\"3264\">Wir bewahren personenbezogene Daten nicht l\u00e4nger auf, als es f\u00fcr die Zwecke, f\u00fcr die sie erhoben wurden, erforderlich ist, es sei denn, eine l\u00e4ngere Aufbewahrungsfrist ist gesetzlich vorgeschrieben oder zul\u00e4ssig. W\u00e4hrend der Aufbewahrungsfrist ergreifen wir angemessene technische und organisatorische Ma\u00dfnahmen, um personenbezogene Daten vor Verlust, Missbrauch, unbefugtem Zugriff, Offenlegung, \u00c4nderung oder Zerst\u00f6rung zu sch\u00fctzen. <\/p><p data-start=\"3266\" data-end=\"3551\">Unsere Website kann Links zu externen Websites enthalten, die nicht von uns betrieben werden. Wir haben keine Kontrolle \u00fcber den Inhalt oder die Datenschutzrichtlinien dieser Websites und k\u00f6nnen daher keine Verantwortung daf\u00fcr \u00fcbernehmen, wie diese Parteien mit pers\u00f6nlichen Daten umgehen. <\/p><p data-start=\"3553\" data-end=\"3817\">Es steht Ihnen frei, bestimmte pers\u00f6nliche Daten nicht anzugeben. In diesem Fall kann es jedoch sein, dass wir bestimmte Dienstleistungen, wie z.B. die Bearbeitung von Reservierungen oder die Bereitstellung von hotelbezogenen Dienstleistungen, nicht oder nicht vollst\u00e4ndig erbringen k\u00f6nnen. <\/p><p data-start=\"3819\" data-end=\"4079\">Durch die Nutzung unserer Website erkl\u00e4ren Sie sich mit dieser Datenschutzerkl\u00e4rung und der Art und Weise, wie wir personenbezogene Daten verarbeiten, einverstanden. Wenn Sie Fragen zu dieser Datenschutzerkl\u00e4rung oder zur Verarbeitung Ihrer personenbezogenen Daten haben, kontaktieren Sie uns bitte. <\/p>\t\t\t\t\t\t\t\t<\/div>\n\t\t\t\t<div class=\"elementor-element elementor-element-f3f65bd elementor-widget elementor-widget-heading\" data-id=\"f3f65bd\" data-element_type=\"widget\" data-e-type=\"widget\" data-widget_type=\"heading.default\">\n\t\t\t\t\t<h2 class=\"elementor-heading-title elementor-size-default\">Cookies<\/h2>\t\t\t\t<\/div>\n\t\t\t\t<div class=\"elementor-element elementor-element-385783f elementor-widget elementor-widget-heading\" data-id=\"385783f\" data-element_type=\"widget\" data-e-type=\"widget\" data-widget_type=\"heading.default\">\n\t\t\t\t\t<h3 class=\"elementor-heading-title elementor-size-default\">1. Was sind Cookies?<\/h3>\t\t\t\t<\/div>\n\t\t\t\t<div class=\"elementor-element elementor-element-8162a51 elementor-widget elementor-widget-text-editor\" data-id=\"8162a51\" data-element_type=\"widget\" data-e-type=\"widget\" data-widget_type=\"text-editor.default\">\n\t\t\t\t\t\t\t\t\t<p>Cookies sind kleine Textdateien, die beim Besuch unserer Website auf Ihrem Computer, Tablet oder Smartphone platziert werden. Cookies helfen uns, die Website gut funktionieren zu lassen, Einblick in die Nutzung der Website zu erhalten und (sofern Sie daf\u00fcr die Erlaubnis erteilen) Marketingaktivit\u00e4ten zu optimieren. <\/p><p>Cookies k\u00f6nnen personenbezogene Daten enthalten, wie z. B. eine IP-Adresse oder Online-Identifikatoren, und fallen damit unter die Allgemeine Verordnung zum Datenschutz (AVG).<\/p>\t\t\t\t\t\t\t\t<\/div>\n\t\t\t\t<div class=\"elementor-element elementor-element-7f1308c elementor-widget elementor-widget-heading\" data-id=\"7f1308c\" data-element_type=\"widget\" data-e-type=\"widget\" data-widget_type=\"heading.default\">\n\t\t\t\t\t<h3 class=\"elementor-heading-title elementor-size-default\">2. Warum verwenden wir Cookies?<\/h3>\t\t\t\t<\/div>\n\t\t\t\t<div class=\"elementor-element elementor-element-d62fea5 elementor-widget elementor-widget-text-editor\" data-id=\"d62fea5\" data-element_type=\"widget\" data-e-type=\"widget\" data-widget_type=\"text-editor.default\">\n\t\t\t\t\t\t\t\t\t<p>Heavens Hotel Hoorn verwendet Cookies, um die Website korrekt funktionieren zu lassen, um die Nutzung der Website zu analysieren und zu verbessern und \u2013 ausschlie\u00dflich nach Ihrer Zustimmung \u2013 f\u00fcr Marketing- und Werbezwecke und f\u00fcr die Integration von sozialen Medien.<\/p>\t\t\t\t\t\t\t\t<\/div>\n\t\t\t\t<div class=\"elementor-element elementor-element-0c140a6 elementor-widget elementor-widget-heading\" data-id=\"0c140a6\" data-element_type=\"widget\" data-e-type=\"widget\" data-widget_type=\"heading.default\">\n\t\t\t\t\t<h3 class=\"elementor-heading-title elementor-size-default\">3. Welche Cookies verwenden wir?<\/h3>\t\t\t\t<\/div>\n\t\t\t\t<div class=\"elementor-element elementor-element-dca1168 elementor-widget elementor-widget-text-editor\" data-id=\"dca1168\" data-element_type=\"widget\" data-e-type=\"widget\" data-widget_type=\"text-editor.default\">\n\t\t\t\t\t\t\t\t\t<p>Wir verwenden Cookiebot, um Cookies zu verwalten. \u00dcber Cookiebot k\u00f6nnen Sie pro Kategorie angeben, ob Sie Cookies akzeptieren oder ablehnen. Notwendige Cookies sind essentiell f\u00fcr das Funktionieren der Website und k\u00f6nnen nicht ausgeschaltet werden. Pr\u00e4ferenz-Cookies speichern Ihre Einstellungen und Pr\u00e4ferenzen. Statistische Cookies helfen uns, Einblick in die Nutzung der Website zu erhalten, beispielsweise \u00fcber Google Analytics. Marketing-Cookies werden verwendet, um Anzeigen auf Ihre Interessen abzustimmen. Cookies f\u00fcr soziale Medien machen es m\u00f6glich, Inhalte \u00fcber soziale Netzwerke zu teilen und werden von Dritten platziert.      <\/p>\t\t\t\t\t\t\t\t<\/div>\n\t\t\t\t<div class=\"elementor-element elementor-element-342ca29 elementor-widget elementor-widget-heading\" data-id=\"342ca29\" data-element_type=\"widget\" data-e-type=\"widget\" data-widget_type=\"heading.default\">\n\t\t\t\t\t<h3 class=\"elementor-heading-title elementor-size-default\">4. Zustimmung und Verwaltung<\/h3>\t\t\t\t<\/div>\n\t\t\t\t<div class=\"elementor-element elementor-element-75b780e elementor-widget elementor-widget-text-editor\" data-id=\"75b780e\" data-element_type=\"widget\" data-e-type=\"widget\" data-widget_type=\"text-editor.default\">\n\t\t\t\t\t\t\t\t\t<p>Bei Ihrem ersten Besuch auf unserer Website werden Sie \u00fcber das Cookiebot-Banner gebeten, Ihre Zustimmung zum Setzen von Cookies zu geben, mit Ausnahme der notwendigen Cookies. Sie k\u00f6nnen Ihre Zustimmung jederzeit \u00e4ndern oder widerrufen \u00fcber die Cookie-Einstellungen auf unserer Website oder Cookies \u00fcber Ihre Browser-Einstellungen l\u00f6schen. Bitte beachten Sie, dass das Deaktivieren bestimmter Cookies Auswirkungen auf die Funktion der Website haben kann.link  <\/p>\t\t\t\t\t\t\t\t<\/div>\n\t\t\t\t<div class=\"elementor-element elementor-element-9809634 elementor-widget elementor-widget-heading\" data-id=\"9809634\" data-element_type=\"widget\" data-e-type=\"widget\" data-widget_type=\"heading.default\">\n\t\t\t\t\t<h3 class=\"elementor-heading-title elementor-size-default\">5. Google Analytics<\/h3>\t\t\t\t<\/div>\n\t\t\t\t<div class=\"elementor-element elementor-element-bbafc34 elementor-widget elementor-widget-text-editor\" data-id=\"bbafc34\" data-element_type=\"widget\" data-e-type=\"widget\" data-widget_type=\"text-editor.default\">\n\t\t\t\t\t\t\t\t\t<p>Wir verwenden Google Analytics, um Einblick in die Nutzung unserer Website zu erhalten. Diese Cookies werden nur nach Ihrer Zustimmung gesetzt.<br>Sie k\u00f6nnen sich dar\u00fcber hinaus \u00fcber das Google Analytics Opt-out Browser Add-on abmelden. <\/p>\t\t\t\t\t\t\t\t<\/div>\n\t\t\t\t<div class=\"elementor-element elementor-element-3133654 elementor-widget elementor-widget-heading\" data-id=\"3133654\" data-element_type=\"widget\" data-e-type=\"widget\" data-widget_type=\"heading.default\">\n\t\t\t\t\t<h3 class=\"elementor-heading-title elementor-size-default\">6. Kontakt<\/h3>\t\t\t\t<\/div>\n\t\t\t\t<div class=\"elementor-element elementor-element-7d6973d elementor-widget elementor-widget-text-editor\" data-id=\"7d6973d\" data-element_type=\"widget\" data-e-type=\"widget\" data-widget_type=\"text-editor.default\">\n\t\t\t\t\t\t\t\t\t<p>Haben Sie Fragen zu dieser Cookie-Erkl\u00e4rung?<br>Nehmen Sie dann Kontakt mit uns auf \u00fcber info@heavenshotelhoorn.com<\/p>\t\t\t\t\t\t\t\t<\/div>\n\t\t\t\t\t<\/div>\n\t\t\t\t<\/div>\n\t\t\t\t<\/div>\n\t\t","protected":false},"excerpt":{"rendered":"<p>Datenschutzerkl\u00e4rung IHR DATENSCHUTZ IST UNS WICHTIG Heavens Hotel respektiert Ihre Privatsph\u00e4re und behandelt pers\u00f6nliche Daten, die \u00fcber unsere Website(www.heavenshotelhoorn.com) und andere von uns betriebene Websites gesammelt und verarbeitet werden, mit Sorgfalt. Heavens Hotel Hoorn kann von mehreren verbundenen Unternehmen innerhalb derselben Organisation betrieben werden. Das Unternehmen, das f\u00fcr den Betrieb des Hotels verantwortlich ist, fungiert [&hellip;]<\/p>\n","protected":false},"author":1,"featured_media":0,"parent":0,"menu_order":0,"comment_status":"closed","ping_status":"closed","template":"","meta":{"footnotes":""},"class_list":["post-4683","page","type-page","status-publish","hentry"],"yoast_head":"<!-- This site is optimized with the Yoast SEO Premium plugin v27.5 (Yoast SEO v27.5) - https:\/\/yoast.com\/product\/yoast-seo-premium-wordpress\/ -->\n<title>Datenschutzerkl\u00e4rung - Heavens Hotel Hoorn<\/title>\n<meta name=\"robots\" content=\"index, follow, max-snippet:-1, max-image-preview:large, max-video-preview:-1\" \/>\n<link rel=\"canonical\" href=\"https:\/\/heavenshotelhoorn.com\/de\/privacy-policy\/\" \/>\n<meta property=\"og:locale\" content=\"de_DE\" \/>\n<meta property=\"og:type\" content=\"article\" \/>\n<meta property=\"og:title\" content=\"Datenschutzerkl\u00e4rung\" \/>\n<meta property=\"og:description\" content=\"Datenschutzerkl\u00e4rung IHR DATENSCHUTZ IST UNS WICHTIG Heavens Hotel respektiert Ihre Privatsph\u00e4re und behandelt pers\u00f6nliche Daten, die \u00fcber unsere Website(www.heavenshotelhoorn.com) und andere von uns betriebene Websites gesammelt und verarbeitet werden, mit Sorgfalt. Heavens Hotel Hoorn kann von mehreren verbundenen Unternehmen innerhalb derselben Organisation betrieben werden. Das Unternehmen, das f\u00fcr den Betrieb des Hotels verantwortlich ist, fungiert [&hellip;]\" \/>\n<meta property=\"og:url\" content=\"https:\/\/heavenshotelhoorn.com\/de\/privacy-policy\/\" \/>\n<meta property=\"og:site_name\" content=\"Heavens Hotel Hoorn\" \/>\n<meta property=\"article:modified_time\" content=\"2026-04-01T11:04:31+00:00\" \/>\n<meta property=\"og:image\" content=\"https:\/\/heavenshotelhoorn.com\/wp-content\/uploads\/2026\/01\/dutchen-heaven-saints-hoorn-hotel-1.10-9-converted-from-jpg-scaled.webp\" \/>\n\t<meta property=\"og:image:width\" content=\"2560\" \/>\n\t<meta property=\"og:image:height\" content=\"1708\" \/>\n\t<meta property=\"og:image:type\" content=\"image\/webp\" \/>\n<meta name=\"twitter:card\" content=\"summary_large_image\" \/>\n<meta name=\"twitter:label1\" content=\"Gesch\u00e4tzte Lesezeit\" \/>\n\t<meta name=\"twitter:data1\" content=\"4\u00a0Minuten\" \/>\n<script type=\"application\/ld+json\" class=\"yoast-schema-graph\">{\"@context\":\"https:\\\/\\\/schema.org\",\"@graph\":[{\"@type\":\"WebPage\",\"@id\":\"https:\\\/\\\/heavenshotelhoorn.com\\\/de\\\/privacy-policy\\\/\",\"url\":\"https:\\\/\\\/heavenshotelhoorn.com\\\/de\\\/privacy-policy\\\/\",\"name\":\"Datenschutzerkl\u00e4rung - Heavens Hotel Hoorn\",\"isPartOf\":{\"@id\":\"https:\\\/\\\/heavenshotelhoorn.com\\\/de\\\/#website\"},\"datePublished\":\"2025-12-09T14:51:35+00:00\",\"dateModified\":\"2026-04-01T11:04:31+00:00\",\"breadcrumb\":{\"@id\":\"https:\\\/\\\/heavenshotelhoorn.com\\\/de\\\/privacy-policy\\\/#breadcrumb\"},\"inLanguage\":\"de\",\"potentialAction\":[{\"@type\":\"ReadAction\",\"target\":[\"https:\\\/\\\/heavenshotelhoorn.com\\\/de\\\/privacy-policy\\\/\"]}]},{\"@type\":\"BreadcrumbList\",\"@id\":\"https:\\\/\\\/heavenshotelhoorn.com\\\/de\\\/privacy-policy\\\/#breadcrumb\",\"itemListElement\":[{\"@type\":\"ListItem\",\"position\":1,\"name\":\"Home\",\"item\":\"https:\\\/\\\/heavenshotelhoorn.com\\\/de\\\/\"},{\"@type\":\"ListItem\",\"position\":2,\"name\":\"Datenschutzerkl\u00e4rung\"}]},{\"@type\":\"WebSite\",\"@id\":\"https:\\\/\\\/heavenshotelhoorn.com\\\/de\\\/#website\",\"url\":\"https:\\\/\\\/heavenshotelhoorn.com\\\/de\\\/\",\"name\":\"Heavens Hotel Hoorn\",\"description\":\"Boutique hotel in een momumentale kerk in hartje Hoorn\",\"publisher\":{\"@id\":\"https:\\\/\\\/heavenshotelhoorn.com\\\/de\\\/#organization\"},\"alternateName\":\"Heavens Hotel\",\"potentialAction\":[{\"@type\":\"SearchAction\",\"target\":{\"@type\":\"EntryPoint\",\"urlTemplate\":\"https:\\\/\\\/heavenshotelhoorn.com\\\/de\\\/?s={search_term_string}\"},\"query-input\":{\"@type\":\"PropertyValueSpecification\",\"valueRequired\":true,\"valueName\":\"search_term_string\"}}],\"inLanguage\":\"de\"},{\"@type\":[\"Organization\",\"Place\"],\"@id\":\"https:\\\/\\\/heavenshotelhoorn.com\\\/de\\\/#organization\",\"name\":\"Heavens Hotel Hoorn\",\"alternateName\":\"Heavens Hotel\",\"url\":\"https:\\\/\\\/heavenshotelhoorn.com\\\/de\\\/\",\"logo\":{\"@id\":\"https:\\\/\\\/heavenshotelhoorn.com\\\/de\\\/privacy-policy\\\/#local-main-organization-logo\"},\"image\":{\"@id\":\"https:\\\/\\\/heavenshotelhoorn.com\\\/de\\\/privacy-policy\\\/#local-main-organization-logo\"},\"sameAs\":[\"https:\\\/\\\/www.instagram.com\\\/heavenshotelhoorn\\\/\"],\"description\":\"Heavens Hotel is een boutique hotel in een monumentale kerk in Hoorn, Noord-Holland, met comfortabele kamers en persoonlijke service. Ideaal voor een weekend weg of zakelijke overnachting, op korte afstand van het centrum en bezienswaardigheden.\",\"telephone\":[],\"openingHoursSpecification\":[{\"@type\":\"OpeningHoursSpecification\",\"dayOfWeek\":[\"Monday\",\"Tuesday\",\"Wednesday\",\"Thursday\",\"Friday\",\"Saturday\",\"Sunday\"],\"opens\":\"09:00\",\"closes\":\"17:00\"}]},{\"@type\":\"ImageObject\",\"inLanguage\":\"de\",\"@id\":\"https:\\\/\\\/heavenshotelhoorn.com\\\/de\\\/privacy-policy\\\/#local-main-organization-logo\",\"url\":\"https:\\\/\\\/heavenshotelhoorn.com\\\/wp-content\\\/uploads\\\/2025\\\/10\\\/cropped-Untitled-design-8.png\",\"contentUrl\":\"https:\\\/\\\/heavenshotelhoorn.com\\\/wp-content\\\/uploads\\\/2025\\\/10\\\/cropped-Untitled-design-8.png\",\"width\":512,\"height\":512,\"caption\":\"Heavens Hotel Hoorn\"}]}<\/script>\n<!-- \/ Yoast SEO Premium plugin. -->","yoast_head_json":{"title":"Datenschutzerkl\u00e4rung - Heavens Hotel Hoorn","robots":{"index":"index","follow":"follow","max-snippet":"max-snippet:-1","max-image-preview":"max-image-preview:large","max-video-preview":"max-video-preview:-1"},"canonical":"https:\/\/heavenshotelhoorn.com\/de\/privacy-policy\/","og_locale":"de_DE","og_type":"article","og_title":"Datenschutzerkl\u00e4rung","og_description":"Datenschutzerkl\u00e4rung IHR DATENSCHUTZ IST UNS WICHTIG Heavens Hotel respektiert Ihre Privatsph\u00e4re und behandelt pers\u00f6nliche Daten, die \u00fcber unsere Website(www.heavenshotelhoorn.com) und andere von uns betriebene Websites gesammelt und verarbeitet werden, mit Sorgfalt. Heavens Hotel Hoorn kann von mehreren verbundenen Unternehmen innerhalb derselben Organisation betrieben werden. Das Unternehmen, das f\u00fcr den Betrieb des Hotels verantwortlich ist, fungiert [&hellip;]","og_url":"https:\/\/heavenshotelhoorn.com\/de\/privacy-policy\/","og_site_name":"Heavens Hotel Hoorn","article_modified_time":"2026-04-01T11:04:31+00:00","og_image":[{"width":2560,"height":1708,"url":"https:\/\/heavenshotelhoorn.com\/wp-content\/uploads\/2026\/01\/dutchen-heaven-saints-hoorn-hotel-1.10-9-converted-from-jpg-scaled.webp","type":"image\/webp"}],"twitter_card":"summary_large_image","twitter_misc":{"Gesch\u00e4tzte Lesezeit":"4\u00a0Minuten"},"schema":{"@context":"https:\/\/schema.org","@graph":[{"@type":"WebPage","@id":"https:\/\/heavenshotelhoorn.com\/de\/privacy-policy\/","url":"https:\/\/heavenshotelhoorn.com\/de\/privacy-policy\/","name":"Datenschutzerkl\u00e4rung - Heavens Hotel Hoorn","isPartOf":{"@id":"https:\/\/heavenshotelhoorn.com\/de\/#website"},"datePublished":"2025-12-09T14:51:35+00:00","dateModified":"2026-04-01T11:04:31+00:00","breadcrumb":{"@id":"https:\/\/heavenshotelhoorn.com\/de\/privacy-policy\/#breadcrumb"},"inLanguage":"de","potentialAction":[{"@type":"ReadAction","target":["https:\/\/heavenshotelhoorn.com\/de\/privacy-policy\/"]}]},{"@type":"BreadcrumbList","@id":"https:\/\/heavenshotelhoorn.com\/de\/privacy-policy\/#breadcrumb","itemListElement":[{"@type":"ListItem","position":1,"name":"Home","item":"https:\/\/heavenshotelhoorn.com\/de\/"},{"@type":"ListItem","position":2,"name":"Datenschutzerkl\u00e4rung"}]},{"@type":"WebSite","@id":"https:\/\/heavenshotelhoorn.com\/de\/#website","url":"https:\/\/heavenshotelhoorn.com\/de\/","name":"Heavens Hotel Hoorn","description":"Boutique hotel in een momumentale kerk in hartje Hoorn","publisher":{"@id":"https:\/\/heavenshotelhoorn.com\/de\/#organization"},"alternateName":"Heavens Hotel","potentialAction":[{"@type":"SearchAction","target":{"@type":"EntryPoint","urlTemplate":"https:\/\/heavenshotelhoorn.com\/de\/?s={search_term_string}"},"query-input":{"@type":"PropertyValueSpecification","valueRequired":true,"valueName":"search_term_string"}}],"inLanguage":"de"},{"@type":["Organization","Place"],"@id":"https:\/\/heavenshotelhoorn.com\/de\/#organization","name":"Heavens Hotel Hoorn","alternateName":"Heavens Hotel","url":"https:\/\/heavenshotelhoorn.com\/de\/","logo":{"@id":"https:\/\/heavenshotelhoorn.com\/de\/privacy-policy\/#local-main-organization-logo"},"image":{"@id":"https:\/\/heavenshotelhoorn.com\/de\/privacy-policy\/#local-main-organization-logo"},"sameAs":["https:\/\/www.instagram.com\/heavenshotelhoorn\/"],"description":"Heavens Hotel is een boutique hotel in een monumentale kerk in Hoorn, Noord-Holland, met comfortabele kamers en persoonlijke service. Ideaal voor een weekend weg of zakelijke overnachting, op korte afstand van het centrum en bezienswaardigheden.","telephone":[],"openingHoursSpecification":[{"@type":"OpeningHoursSpecification","dayOfWeek":["Monday","Tuesday","Wednesday","Thursday","Friday","Saturday","Sunday"],"opens":"09:00","closes":"17:00"}]},{"@type":"ImageObject","inLanguage":"de","@id":"https:\/\/heavenshotelhoorn.com\/de\/privacy-policy\/#local-main-organization-logo","url":"https:\/\/heavenshotelhoorn.com\/wp-content\/uploads\/2025\/10\/cropped-Untitled-design-8.png","contentUrl":"https:\/\/heavenshotelhoorn.com\/wp-content\/uploads\/2025\/10\/cropped-Untitled-design-8.png","width":512,"height":512,"caption":"Heavens Hotel Hoorn"}]}},"_links":{"self":[{"href":"https:\/\/heavenshotelhoorn.com\/de\/wp-json\/wp\/v2\/pages\/4683","targetHints":{"allow":["GET"]}}],"collection":[{"href":"https:\/\/heavenshotelhoorn.com\/de\/wp-json\/wp\/v2\/pages"}],"about":[{"href":"https:\/\/heavenshotelhoorn.com\/de\/wp-json\/wp\/v2\/types\/page"}],"author":[{"embeddable":true,"href":"https:\/\/heavenshotelhoorn.com\/de\/wp-json\/wp\/v2\/users\/1"}],"replies":[{"embeddable":true,"href":"https:\/\/heavenshotelhoorn.com\/de\/wp-json\/wp\/v2\/comments?post=4683"}],"version-history":[{"count":3,"href":"https:\/\/heavenshotelhoorn.com\/de\/wp-json\/wp\/v2\/pages\/4683\/revisions"}],"predecessor-version":[{"id":6030,"href":"https:\/\/heavenshotelhoorn.com\/de\/wp-json\/wp\/v2\/pages\/4683\/revisions\/6030"}],"wp:attachment":[{"href":"https:\/\/heavenshotelhoorn.com\/de\/wp-json\/wp\/v2\/media?parent=4683"}],"curies":[{"name":"wp","href":"https:\/\/api.w.org\/{rel}","templated":true}]}}